{"id":24,"date":"2019-01-04T14:22:19","date_gmt":"2019-01-04T16:22:19","guid":{"rendered":"http:\/\/centauro-cinema.com.br\/2018\/?page_id=24"},"modified":"2021-06-22T15:46:13","modified_gmt":"2021-06-22T18:46:13","slug":"quem-somos","status":"publish","type":"page","link":"https:\/\/centauro-cinema.com.br\/2018\/quem-somos\/","title":{"rendered":"QUEM SOMOS"},"content":{"rendered":"\n\n  <div class=\"banner has-hover\" id=\"banner-1748635075\">\n          <div class=\"banner-inner fill\">\n        <div class=\"banner-bg fill\" >\n            <div class=\"bg fill bg-fill \"><\/div>\n                        <div class=\"overlay\"><\/div>            \n                    <\/div>\n        <div class=\"banner-layers container\">\n            <div class=\"fill banner-link\"><\/div>            \n\n   <div id=\"text-box-1334802410\" class=\"text-box banner-layer x50 md-x50 lg-x50 y50 md-y50 lg-y50 res-text\">\n                                <div class=\"text-box-content text dark\">\n              \n              <div class=\"text-inner text-center\">\n                  \n\n<h3 class=\"uppercase\"><strong>A CENTAURO CINEMA<\/strong><\/h3>\n\n              <\/div>\n           <\/div>\n                            \n<style>\n#text-box-1334802410 {\n  width: 50%;\n}\n#text-box-1334802410 .text-box-content {\n  font-size: 100%;\n}\n<\/style>\n    <\/div>\n \n\n        <\/div>\n      <\/div>\n\n            \n<style>\n#banner-1748635075 {\n  padding-top: 350px;\n}\n#banner-1748635075 .bg.bg-loaded {\n  background-image: url(https:\/\/centauro-cinema.com.br\/2018\/wp-content\/uploads\/2019\/01\/ISS_3074_07213.jpg);\n}\n#banner-1748635075 .overlay {\n  background-color: rgba(0,0,0,.5);\n}\n#banner-1748635075 .bg {\n  background-position: 100% 19%;\n}\n<\/style>\n  <\/div>\n\n\n\t<section class=\"section\" id=\"section_162111302\">\n\t\t<div class=\"bg section-bg fill bg-fill  bg-loaded\" >\n\n\t\t\t\n\t\t\t\n\t\t\t\n\n\t\t<\/div>\n\n\t\t<div class=\"section-content relative\">\n\t\t\t\n\n\t<div id=\"gap-2003039934\" class=\"gap-element clearfix\" style=\"display:block; height:auto;\">\n\t\t\n<style>\n#gap-2003039934 {\n  padding-top: 30px;\n}\n<\/style>\n\t<\/div>\n\t\n\n<div class=\"row align-center\"  id=\"row-214739494\">\n\n\n\t<div id=\"col-264959666\" class=\"col medium-6 small-10 large-6\"  >\n\t\t<div class=\"col-inner\"  >\n\t\t\t\n\t\t\t\n\n<div>\n<p><strong>Em 29 de maio de 1936, Abram Ciocler, imigrante e empres\u00e1rio vision\u00e1rio da ind\u00fastria do entretenimento cinematogr\u00e1fico, deu in\u00edcio \u00e0s opera\u00e7\u00f5es da Centauro Cinema, criando assim uma das pioneiras empresas dedicadas a fabrica\u00e7\u00e3o e manuten\u00e7\u00e3o de projetores 35mm, al\u00e9m de equipamentos para uso profissional em salas de cinema e teatros.<\/strong><\/p>\n<\/div>\n<div><strong>Daquela d\u00e9cada aos dias de hoje, a equipe da Centauro Cinema desenvolveu uma extensa linha de produtos e solu\u00e7\u00f5es para uso em laborat\u00f3rios, cinemas e resid\u00eancias.<\/strong><\/div>\n<div>\u00a0<\/div>\n<div><b>Paralelamente, a empresa firmou parcerias e contratos de representa\u00e7\u00e3o junto \u00e0s mais importantes e renomadas empresas americanas e europeias\u00a0do mercado cinematogr\u00e1fico.<\/b><\/div>\n\n\t\t<\/div>\n\t\t\t<\/div>\n\n\t\n\n\t<div id=\"col-2016587782\" class=\"col medium-6 small-10 large-6\"  >\n\t\t<div class=\"col-inner\"  >\n\t\t\t\n\t\t\t\n\n<div><strong>A evolu\u00e7\u00e3o do neg\u00f3cio levou a empresa a uma nova etapa, com a forma\u00e7\u00e3o de t\u00e9cnicos especializados \u2013 muitos atrav\u00e9s de treinamento no exterior \u2013 qualificados para novos desafios de projetos, instala\u00e7\u00f5es e manuten\u00e7\u00f5es dos sofisticados equipamentos importados e comercializados pela Centauro.\u00a0<\/strong><\/div>\n<div>\u00a0<\/div>\n<div><strong>Desde o in\u00edcio, a Centauro Cinema acompanha e lidera as tend\u00eancias do mercado interno e externo. Ao navegar em nosso site, certifique-se de que parte da hist\u00f3ria da cinematografia do Brasil e da qualidade das salas de cinema e equipamentos nelas instalados, ser\u00e1 contada por especialistas apaixonados em oferecer somente o que de h\u00e1 melhor em entretenimento.<\/strong><\/div>\n<div>\u00a0<\/div>\n\n\t\t<\/div>\n\t\t\t<\/div>\n\n\t\n\n<\/div>\n\n\t\t<\/div>\n\n\t\t\n<style>\n#section_162111302 {\n  padding-top: 10px;\n  padding-bottom: 10px;\n}\n<\/style>\n\t<\/section>\n\t\n\t<div id=\"gap-460726646\" class=\"gap-element clearfix\" style=\"display:block; height:auto;\">\n\t\t\n<style>\n#gap-460726646 {\n  padding-top: 30px;\n}\n<\/style>\n\t<\/div>\n\t\n\n\n","protected":false},"excerpt":{"rendered":"","protected":false},"author":1,"featured_media":0,"parent":0,"menu_order":0,"comment_status":"closed","ping_status":"closed","template":"page-blank.php","meta":{"footnotes":""},"class_list":["post-24","page","type-page","status-publish","hentry"],"_links":{"self":[{"href":"https:\/\/centauro-cinema.com.br\/2018\/wp-json\/wp\/v2\/pages\/24","targetHints":{"allow":["GET"]}}],"collection":[{"href":"https:\/\/centauro-cinema.com.br\/2018\/wp-json\/wp\/v2\/pages"}],"about":[{"href":"https:\/\/centauro-cinema.com.br\/2018\/wp-json\/wp\/v2\/types\/page"}],"author":[{"embeddable":true,"href":"https:\/\/centauro-cinema.com.br\/2018\/wp-json\/wp\/v2\/users\/1"}],"replies":[{"embeddable":true,"href":"https:\/\/centauro-cinema.com.br\/2018\/wp-json\/wp\/v2\/comments?post=24"}],"version-history":[{"count":14,"href":"https:\/\/centauro-cinema.com.br\/2018\/wp-json\/wp\/v2\/pages\/24\/revisions"}],"predecessor-version":[{"id":1186,"href":"https:\/\/centauro-cinema.com.br\/2018\/wp-json\/wp\/v2\/pages\/24\/revisions\/1186"}],"wp:attachment":[{"href":"https:\/\/centauro-cinema.com.br\/2018\/wp-json\/wp\/v2\/media?parent=24"}],"curies":[{"name":"wp","href":"https:\/\/api.w.org\/{rel}","templated":true}]}}