{"id":640,"date":"2019-01-21T15:17:35","date_gmt":"2019-01-21T17:17:35","guid":{"rendered":"http:\/\/centauro-cinema.com.br\/2018\/?page_id=640"},"modified":"2025-07-20T14:39:38","modified_gmt":"2025-07-20T17:39:38","slug":"servicos","status":"publish","type":"page","link":"https:\/\/centauro-cinema.com.br\/2018\/servicos\/","title":{"rendered":"SERVI\u00c7OS"},"content":{"rendered":"\n\n  <div class=\"banner has-hover\" id=\"banner-302705250\">\n          <div class=\"banner-inner fill\">\n        <div class=\"banner-bg fill\" >\n            <div class=\"bg fill bg-fill \"><\/div>\n                        <div class=\"overlay\"><\/div>            \n                    <\/div>\n        <div class=\"banner-layers container\">\n            <div class=\"fill banner-link\"><\/div>            \n\n   <div id=\"text-box-393509322\" class=\"text-box banner-layer x50 md-x50 lg-x50 y50 md-y50 lg-y50 res-text\">\n                                <div class=\"text-box-content text dark\">\n              \n              <div class=\"text-inner text-center\">\n                  \n\n<h3 class=\"uppercase\"><strong>O QUE VOC\u00ea ENCONTRA NA CENTAURO CINEMA<\/strong><\/h3>\n\n              <\/div>\n           <\/div>\n                            \n<style>\n#text-box-393509322 {\n  width: 50%;\n}\n#text-box-393509322 .text-box-content {\n  font-size: 100%;\n}\n<\/style>\n    <\/div>\n \n\n        <\/div>\n      <\/div>\n\n            \n<style>\n#banner-302705250 {\n  padding-top: 350px;\n}\n#banner-302705250 .bg.bg-loaded {\n  background-image: url(https:\/\/centauro-cinema.com.br\/2018\/wp-content\/uploads\/2019\/01\/ISS_3074_07213.jpg);\n}\n#banner-302705250 .overlay {\n  background-color: rgba(0,0,0,.5);\n}\n#banner-302705250 .bg {\n  background-position: 100% 19%;\n}\n<\/style>\n  <\/div>\n\n\n\t<div id=\"gap-958228908\" class=\"gap-element clearfix\" style=\"display:block; height:auto;\">\n\t\t\n<style>\n#gap-958228908 {\n  padding-top: 60px;\n}\n<\/style>\n\t<\/div>\n\t\n\n\t<div id=\"gap-1583221855\" class=\"gap-element clearfix\" style=\"display:block; height:auto;\">\n\t\t\n<style>\n#gap-1583221855 {\n  padding-top: 0px;\n}\n<\/style>\n\t<\/div>\n\t\n\n<div class=\"row row-full-width align-center\"  id=\"row-334544966\">\n\n\n\t<div id=\"col-760061689\" class=\"col medium-5 small-8 large-5\"  >\n\t\t<div class=\"col-inner\"  >\n\t\t\t\n\t\t\t\n\n\n\t\t<div class=\"icon-box featured-box icon-box-center text-center is-small\"  >\n\t\t\t\t\t<div class=\"icon-box-img\" style=\"width: 46px\">\n\t\t\t\t<div class=\"icon\">\n\t\t\t\t\t<div class=\"icon-inner\" >\n\t\t\t\t\t\t\t\t\t\t\t<\/div>\n\t\t\t\t<\/div>\n\t\t\t<\/div>\n\t\t\t\t<div class=\"icon-box-text last-reset\">\n\t\t\t\t\t\t\t\t\t\n\n<h4 style=\"text-align: left;padding-left: 40px\"><span style=\"font-size: 105%;color: #00aae7\"><strong>PROJETOS &amp; CONSULTORIA<\/strong><\/span><\/h4>\n<hr \/>\n<div style=\"text-align: left;padding-left: 40px\"><span style=\"font-size: 105%\"><strong><span style=\"color: #bd0000\">&#8211; <\/span>Consultoria para implanta\u00e7\u00e3o de salas padr\u00e3o DCI &amp; <\/strong><\/span><span style=\"font-size: 105%\"><strong>Home Cinema<\/strong><\/span><\/div>\n<div style=\"text-align: left;padding-left: 40px\"><span style=\"font-size: 105%\"><strong><span style=\"color: #bd0000\">&#8211; <\/span>Projeto para implanta\u00e7\u00e3o de equipamentos<\/strong><\/span><\/div>\n<div style=\"text-align: left;padding-left: 40px\"><span style=\"font-size: 105%\"><strong><span style=\"color: #bd0000\">&#8211; <\/span>Projeto para implanta\u00e7\u00e3o de salas Dolby ATMOS<\/strong><\/span><\/div>\n<div style=\"text-align: left;padding-left: 40px\"><span style=\"font-size: 105%\"><strong><span style=\"color: #bd0000\">&#8211; <\/span>Dimensionamento de equipamentos<\/strong><\/span><\/div>\n\n\t\t<\/div>\n\t<\/div>\n\t\n\t\n\n\t\t<\/div>\n\t\t\t<\/div>\n\n\t\n\n\t<div id=\"col-1298933789\" class=\"col medium-5 small-8 large-5\"  >\n\t\t<div class=\"col-inner\"  >\n\t\t\t\n\t\t\t\n\n\n\t\t<div class=\"icon-box featured-box icon-box-center text-center is-small\"  >\n\t\t\t\t\t<div class=\"icon-box-img\" style=\"width: 46px\">\n\t\t\t\t<div class=\"icon\">\n\t\t\t\t\t<div class=\"icon-inner\" >\n\t\t\t\t\t\t\t\t\t\t\t<\/div>\n\t\t\t\t<\/div>\n\t\t\t<\/div>\n\t\t\t\t<div class=\"icon-box-text last-reset\">\n\t\t\t\t\t\t\t\t\t\n\n<h4 style=\"text-align: left;padding-left: 40px\"><span style=\"font-size: 105%;color: #00aae7\"><strong>MANUTEN\u00c7\u00c3O DE EQUIPAMENTOS<\/strong><\/span><\/h4>\n<hr \/>\n<div style=\"text-align: left;padding-left: 40px\"><span style=\"font-size: 105%\"><strong><span style=\"color: #bd0000\">&#8211; <\/span>Contratos de manuten\u00e7\u00e3o prevento-corretiva<\/strong><\/span><br \/><span style=\"font-size: 105%\"><strong><span style=\"color: #bd0000\">&#8211; <\/span>Visitas t\u00e9cnicas avulsas<\/strong><\/span><\/div>\n<div style=\"text-align: left;padding-left: 40px\"><span style=\"font-size: 105%\"><strong><span style=\"color: #bd0000\">&#8211; <\/span>Atualiza\u00e7\u00e3o de firmware de projetores e servidores<\/strong><\/span><\/div>\n<div style=\"text-align: left;padding-left: 40px\"><span style=\"font-size: 105%\"><strong><span style=\"color: #bd0000\">&#8211; <\/span>Conserto de projetores em nosso laborat\u00f3rio<\/strong><\/span><\/div>\n\n\t\t<\/div>\n\t<\/div>\n\t\n\t\n\n\t\t<\/div>\n\t\t\t<\/div>\n\n\t\n\n\t<div id=\"col-597495229\" class=\"col medium-5 small-8 large-5\"  >\n\t\t<div class=\"col-inner\"  >\n\t\t\t\n\t\t\t\n\n\n\t\t<div class=\"icon-box featured-box icon-box-center text-center is-small\"  >\n\t\t\t\t\t<div class=\"icon-box-img\" style=\"width: 46px\">\n\t\t\t\t<div class=\"icon\">\n\t\t\t\t\t<div class=\"icon-inner\" >\n\t\t\t\t\t\t\t\t\t\t\t<\/div>\n\t\t\t\t<\/div>\n\t\t\t<\/div>\n\t\t\t\t<div class=\"icon-box-text last-reset\">\n\t\t\t\t\t\t\t\t\t\n\n<h4 style=\"text-align: left;padding-left: 40px\"><span style=\"font-size: 105%;color: #00aae7\"><strong>INSTALA\u00c7\u00c3O DE EQUIPAMENTOS<\/strong><\/span><\/h4>\n<hr \/>\n<div style=\"text-align: left;padding-left: 40px\"><span style=\"font-size: 105%\"><strong><span style=\"color: #bd0000\">&#8211; <\/span>Instala\u00e7\u00f5es de equipamentos projetores padr\u00e3o DCI<\/strong><\/span><br \/><span style=\"font-size: 105%\"><strong><span style=\"color: #bd0000\">&#8211; <\/span>Instala\u00e7\u00e3o de sistema de sonoriza\u00e7\u00e3o 5.1 e 7.1<\/strong><\/span><br \/><span style=\"font-size: 105%\"><strong><span style=\"color: #bd0000\">&#8211; <\/span>Instala\u00e7\u00e3o de sistema de som imersivo Dolby ATMOS<\/strong><\/span><\/div>\n<div style=\"text-align: left;padding-left: 40px\"><span style=\"font-size: 105%\"><strong><span style=\"color: #bd0000\">&#8211; <\/span>Colorimetria de projetores digitais (xenon e laser)\u00a0<\/strong><\/span><br \/><span style=\"font-size: 105%\"><strong><span style=\"color: #bd0000\">&#8211; <\/span>Calibra\u00e7\u00e3o de equipamentos de sonoriza\u00e7\u00e3o e proje\u00e7\u00e3o DCI<\/strong><\/span><\/div>\n\n\t\t<\/div>\n\t<\/div>\n\t\n\t\n\n\t\t<\/div>\n\t\t\t<\/div>\n\n\t\n\n\t<div id=\"col-1242148645\" class=\"col medium-5 small-8 large-5\"  >\n\t\t<div class=\"col-inner\"  >\n\t\t\t\n\t\t\t\n\n\n\t\t<div class=\"icon-box featured-box icon-box-center text-center is-small\"  >\n\t\t\t\t\t<div class=\"icon-box-img\" style=\"width: 46px\">\n\t\t\t\t<div class=\"icon\">\n\t\t\t\t\t<div class=\"icon-inner\" >\n\t\t\t\t\t\t\t\t\t\t\t<\/div>\n\t\t\t\t<\/div>\n\t\t\t<\/div>\n\t\t\t\t<div class=\"icon-box-text last-reset\">\n\t\t\t\t\t\t\t\t\t\n\n<h4 style=\"text-align: left;padding-left: 40px\"><span style=\"font-size: 105%;color: #00aae7\"><strong>REFORMA DE PROJETORES CINEMATOGR\u00c1FICOS 35mm<\/strong><\/span><\/h4>\n<hr \/>\n<div style=\"text-align: left;padding-left: 40px\"><span style=\"font-size: 105%\"><strong><span style=\"color: #bd0000\">&#8211; <\/span>Adapta\u00e7\u00e3o de lanternas a carv\u00e3o para l\u00e2mpadas xenon<\/strong><\/span><\/div>\n<div style=\"text-align: left;padding-left: 40px\"><span style=\"font-size: 105%\"><strong><span style=\"color: #bd0000\">&#8211; <\/span>Comercializa\u00e7\u00e3o componentes para projetores 35mm\u00a0<\/strong><\/span><\/div>\n<div style=\"text-align: left;padding-left: 40px\"><span style=\"font-size: 105%\"><strong><span style=\"color: #bd0000\">&#8211; <\/span>Reforma de projetores 35mm profissionais de qualquer marca<\/strong><\/span><\/div>\n<div style=\"text-align: left;padding-left: 40px\"><span style=\"font-size: 105%\"><strong><span style=\"color: #bd0000\">&#8211; <\/span>Retificadores para l\u00e2mpadas xenon<\/strong><\/span><\/div>\n<div style=\"text-align: left;padding-left: 40px\"><span style=\"font-size: 105%\"><strong><span style=\"color: #bd0000\">&#8211; <\/span>Automa\u00e7\u00e3o de projetores e salas de proje\u00e7\u00e3o<\/strong><\/span><\/div>\n\n\t\t<\/div>\n\t<\/div>\n\t\n\t\n\n\t\t<\/div>\n\t\t\t<\/div>\n\n\t\n\n\t<div id=\"col-555591797\" class=\"col medium-5 small-8 large-5\"  >\n\t\t<div class=\"col-inner text-left\"  >\n\t\t\t\n\t\t\t\n\n\n\t\t<div class=\"icon-box featured-box icon-box-center text-center is-small\"  >\n\t\t\t\t\t<div class=\"icon-box-img\" style=\"width: 46px\">\n\t\t\t\t<div class=\"icon\">\n\t\t\t\t\t<div class=\"icon-inner\" >\n\t\t\t\t\t\t\t\t\t\t\t<\/div>\n\t\t\t\t<\/div>\n\t\t\t<\/div>\n\t\t\t\t<div class=\"icon-box-text last-reset\">\n\t\t\t\t\t\t\t\t\t\n\n\t<div id=\"text-2876310595\" class=\"text\">\n\t\t\n\n<h4 style=\"text-align: left;padding-left: 40px\"><span style=\"font-size: 105%;color: #00aae7\"><strong>OUTROS SERVI\u00c7OS<\/strong><\/span><\/h4>\n<hr \/>\n<div style=\"text-align: left;padding-left: 40px\"><span style=\"font-size: 105%\"><strong><span style=\"color: #bd0000\">&#8211; <\/span>Acompanhamento de obras<\/strong><\/span><\/div>\n<div style=\"text-align: left;padding-left: 40px\"><span style=\"font-size: 105%\"><strong><span style=\"color: #bd0000\">&#8211; <\/span>Loca\u00e7\u00e3o de equipamentos<\/strong><\/span><\/div>\n<div style=\"text-align: left;padding-left: 40px\"><span style=\"font-size: 105%\"><strong><span style=\"color: #bd0000\">&#8211; <\/span>Emiss\u00e3o de laudos t\u00e9cnicos<\/strong><\/span><\/div>\n<div style=\"text-align: left;padding-left: 40px\"><span style=\"font-size: 105%\"><strong><span style=\"color: #bd0000\">&#8211; <\/span>Treinamento de operadores<\/strong><\/span><\/div>\n\t\t\n<style>\n#text-2876310595 {\n  text-align: left;\n}\n<\/style>\n\t<\/div>\n\t\n\n\t\t<\/div>\n\t<\/div>\n\t\n\t\n\n\t\t<\/div>\n\t\t\t<\/div>\n\n\t\n\n\t<div id=\"col-1709508958\" class=\"col medium-5 small-8 large-5\"  >\n\t\t<div class=\"col-inner text-left\"  >\n\t\t\t\n\t\t\t\n\n\n\t\t<div class=\"icon-box featured-box icon-box-center text-center is-small\"  >\n\t\t\t\t\t<div class=\"icon-box-img\" style=\"width: 46px\">\n\t\t\t\t<div class=\"icon\">\n\t\t\t\t\t<div class=\"icon-inner\" >\n\t\t\t\t\t\t\t\t\t\t\t<\/div>\n\t\t\t\t<\/div>\n\t\t\t<\/div>\n\t\t\t\t<div class=\"icon-box-text last-reset\">\n\t\t\t\t\t\t\t\t\t\n\n\t<div id=\"text-1390346200\" class=\"text\">\n\t\t\n\n<h4 style=\"text-align: left;padding-left: 40px\"><span style=\"font-size: 105%;color: #00aae7\"><strong>MONITORAMENTO DE EQUIPAMENTOS DIGITAIS <\/strong><\/span><\/h4>\n<hr \/>\n<div style=\"text-align: left;padding-left: 40px\"><span style=\"font-size: 105%\"><strong><span style=\"color: #bd0000\">&#8211; <span style=\"color: #808080\">Projetores digitais<\/span><\/span><\/strong><\/span><\/div>\n<div style=\"text-align: left;padding-left: 40px\"><span style=\"font-size: 105%\"><strong><span style=\"color: #bd0000\">&#8211; <span style=\"color: #808080\">Servidores<\/span><\/span><\/strong><\/span><\/div>\n<div style=\"text-align: left;padding-left: 40px\"><span style=\"font-size: 105%\"><strong><span style=\"color: #bd0000\"><span style=\"color: #282828\"><span style=\"color: #d83131\">&#8211;<\/span> <span style=\"color: #808080\">Processadores de \u00e1udio<\/span><\/span><\/span><\/strong><\/span><\/div>\n<div style=\"text-align: left;padding-left: 40px\"><span style=\"font-size: 105%\"><strong><span style=\"color: #bd0000\"><span style=\"color: #282828\"><span style=\"color: #d83131\">&#8211;<\/span> <span style=\"color: #808080\">Nobreaks<\/span><\/span><\/span><\/strong><\/span><\/div>\n<div>\u00a0<\/div>\n<p style=\"padding-left: 40px\">\u00a0 <img decoding=\"async\" class=\"wp-image-1981 alignleft\" src=\"https:\/\/centauro-cinema.com.br\/2018\/wp-content\/uploads\/2025\/04\/Cinergy-1-300x167.png\" alt=\"\" width=\"104\" height=\"58\" srcset=\"https:\/\/centauro-cinema.com.br\/2018\/wp-content\/uploads\/2025\/04\/Cinergy-1-300x167.png 300w, https:\/\/centauro-cinema.com.br\/2018\/wp-content\/uploads\/2025\/04\/Cinergy-1-1024x569.png 1024w, https:\/\/centauro-cinema.com.br\/2018\/wp-content\/uploads\/2025\/04\/Cinergy-1-768x427.png 768w, https:\/\/centauro-cinema.com.br\/2018\/wp-content\/uploads\/2025\/04\/Cinergy-1-960x533.png 960w, https:\/\/centauro-cinema.com.br\/2018\/wp-content\/uploads\/2025\/04\/Cinergy-1.png 1080w\" sizes=\"(max-width: 104px) 100vw, 104px\" \/><\/p>\n<div>\u00a0<\/div>\n<div style=\"text-align: left;padding-left: 40px\">\u00a0<\/div>\n\t\t\n<style>\n#text-1390346200 {\n  text-align: left;\n}\n<\/style>\n\t<\/div>\n\t\n\n\t\t<\/div>\n\t<\/div>\n\t\n\t\n\n\t\t<\/div>\n\t\t\t<\/div>\n\n\t\n\n\t<div id=\"col-1481044512\" class=\"col medium-5 small-12 large-5\"  >\n\t\t<div class=\"col-inner\"  >\n\t\t\t\n\t\t\t\n\n\t<div id=\"text-1402684260\" class=\"text\">\n\t\t\n\n\n\t\t\n<style>\n#text-1402684260 {\n  text-align: left;\n}\n<\/style>\n\t<\/div>\n\t\n\n\t\t<\/div>\n\t\t\t<\/div>\n\n\t\n\n\n<style>\n#row-334544966 > .col > .col-inner {\n  padding: 10px 0px 10px 0px;\n}\n<\/style>\n<\/div>\n\t<div id=\"gap-1126071025\" class=\"gap-element clearfix\" style=\"display:block; height:auto;\">\n\t\t\n<style>\n#gap-1126071025 {\n  padding-top: 37px;\n}\n<\/style>\n\t<\/div>\n\t\n\n\t<div id=\"gap-1348340681\" class=\"gap-element clearfix\" style=\"display:block; height:auto;\">\n\t\t\n<style>\n#gap-1348340681 {\n  padding-top: 60px;\n}\n<\/style>\n\t<\/div>\n\t\n\n\n","protected":false},"excerpt":{"rendered":"","protected":false},"author":1,"featured_media":0,"parent":0,"menu_order":0,"comment_status":"closed","ping_status":"closed","template":"page-blank.php","meta":{"footnotes":""},"class_list":["post-640","page","type-page","status-publish","hentry"],"_links":{"self":[{"href":"https:\/\/centauro-cinema.com.br\/2018\/wp-json\/wp\/v2\/pages\/640","targetHints":{"allow":["GET"]}}],"collection":[{"href":"https:\/\/centauro-cinema.com.br\/2018\/wp-json\/wp\/v2\/pages"}],"about":[{"href":"https:\/\/centauro-cinema.com.br\/2018\/wp-json\/wp\/v2\/types\/page"}],"author":[{"embeddable":true,"href":"https:\/\/centauro-cinema.com.br\/2018\/wp-json\/wp\/v2\/users\/1"}],"replies":[{"embeddable":true,"href":"https:\/\/centauro-cinema.com.br\/2018\/wp-json\/wp\/v2\/comments?post=640"}],"version-history":[{"count":23,"href":"https:\/\/centauro-cinema.com.br\/2018\/wp-json\/wp\/v2\/pages\/640\/revisions"}],"predecessor-version":[{"id":1983,"href":"https:\/\/centauro-cinema.com.br\/2018\/wp-json\/wp\/v2\/pages\/640\/revisions\/1983"}],"wp:attachment":[{"href":"https:\/\/centauro-cinema.com.br\/2018\/wp-json\/wp\/v2\/media?parent=640"}],"curies":[{"name":"wp","href":"https:\/\/api.w.org\/{rel}","templated":true}]}}