{"id":1139,"date":"2021-06-21T13:03:39","date_gmt":"2021-06-21T16:03:39","guid":{"rendered":"https:\/\/centauro-cinema.com.br\/2018\/?post_type=product&#038;p=1139"},"modified":"2025-03-04T15:09:29","modified_gmt":"2025-03-04T18:09:29","slug":"dolby_ims3000","status":"publish","type":"product","link":"https:\/\/centauro-cinema.com.br\/2018\/produto\/dolby_ims3000\/","title":{"rendered":"Dolby IMS3000"},"content":{"rendered":"<p>O IMS3000 \u00e9 fornecido com processamento de \u00e1udio desabilitado e pode ser emparelhado com qualquer processador externo como o Dolby CP950, Dolby CP850. Opcionalmente \u00e9 poss\u00edvel ativar o processador de \u00e1udio interno com uma licen\u00e7a de ativa\u00e7\u00e3o que permite a reprodu\u00e7\u00e3o de \u00e1udio nos formatos Dolby 5.1*, 7.1*<\/p>\n<p>Tamb\u00e9m \u00e9 poss\u00edvel a aquisi\u00e7\u00e3o de licen\u00e7a para ativa\u00e7\u00e3o de \u00e1udio imersivo Dolby Atmos\u00ae que oferece experi\u00eancias sonoras inesquec\u00edveis a seu p\u00fablico (requer aquisi\u00e7\u00e3o de licen\u00e7a vendida separadamente).<\/p>\n<p>Um modelo IMS3000 espec\u00edfico (IMS3-L-NB) \u00e9 agora oferecido para aplica\u00e7\u00f5es em pain\u00e9is de LED padr\u00e3o DCI.<\/p>\n<p>Com interface baseada na web \u00e9 acess\u00edvel de qualquer lugar usando a rede do teatro via Bluetooth a partir de seu dispositivo m\u00f3vel. Obtenha o aplicativo: Controle de Servidor de Cinema &#8211; no Google Play e Apple Store. Requer a compra separada do adaptador USB Bluetooth. Favor entrar em contato com o Dolby Support para modelos IMS aprovados.<\/p>\n","protected":false},"excerpt":{"rendered":"<p>O IMS3000 \u00e9 fornecido com processamento de \u00e1udio desabilitado, por\u00e9m pode ser ativado mediante aquisi\u00e7\u00e3o de licen\u00e7a que permite a reprodu\u00e7\u00e3o de \u00e1udio nos formatos Dolby 5.1, 7.1 e \u00e1udio imersivo Dolby Atmos que oferece experi\u00eancias sonoras inesquec\u00edveis a seu p\u00fablico (requer aquisi\u00e7\u00e3o de licen\u00e7a vendida separadamente).<\/p>\n<p>Com interface baseada na web \u00e9 acess\u00edvel de qualquer lugar usando a rede do teatro via Bluetooth a partir de seu dispositivo m\u00f3vel. Obtenha o aplicativo: Controle de Servidor de Cinema &#8211; no Google Play e Apple Store. Requer a compra separada do adaptador USB Bluetooth. Favor entrar em contato com o Dolby Support para modelos IMS aprovados.<\/p>\n","protected":false},"featured_media":1167,"comment_status":"closed","ping_status":"closed","template":"","meta":[],"product_brand":[],"product_cat":[100,105],"product_tag":[107,193,194,170,169],"class_list":{"0":"post-1139","1":"product","2":"type-product","3":"status-publish","4":"has-post-thumbnail","6":"product_cat-servidores","7":"product_cat-dolby-servidores","8":"product_tag-dolby-server","9":"product_tag-ims1000","10":"product_tag-ims2000","11":"product_tag-ims3000","12":"product_tag-servidor-cinema","14":"first","15":"instock","16":"shipping-taxable","17":"product-type-simple"},"_links":{"self":[{"href":"https:\/\/centauro-cinema.com.br\/2018\/wp-json\/wp\/v2\/product\/1139","targetHints":{"allow":["GET"]}}],"collection":[{"href":"https:\/\/centauro-cinema.com.br\/2018\/wp-json\/wp\/v2\/product"}],"about":[{"href":"https:\/\/centauro-cinema.com.br\/2018\/wp-json\/wp\/v2\/types\/product"}],"replies":[{"embeddable":true,"href":"https:\/\/centauro-cinema.com.br\/2018\/wp-json\/wp\/v2\/comments?post=1139"}],"wp:featuredmedia":[{"embeddable":true,"href":"https:\/\/centauro-cinema.com.br\/2018\/wp-json\/wp\/v2\/media\/1167"}],"wp:attachment":[{"href":"https:\/\/centauro-cinema.com.br\/2018\/wp-json\/wp\/v2\/media?parent=1139"}],"wp:term":[{"taxonomy":"product_brand","embeddable":true,"href":"https:\/\/centauro-cinema.com.br\/2018\/wp-json\/wp\/v2\/product_brand?post=1139"},{"taxonomy":"product_cat","embeddable":true,"href":"https:\/\/centauro-cinema.com.br\/2018\/wp-json\/wp\/v2\/product_cat?post=1139"},{"taxonomy":"product_tag","embeddable":true,"href":"https:\/\/centauro-cinema.com.br\/2018\/wp-json\/wp\/v2\/product_tag?post=1139"}],"curies":[{"name":"wp","href":"https:\/\/api.w.org\/{rel}","templated":true}]}}