{"id":1261,"date":"2021-07-19T15:38:13","date_gmt":"2021-07-19T18:38:13","guid":{"rendered":"https:\/\/centauro-cinema.com.br\/2018\/?post_type=product&#038;p=1261"},"modified":"2025-07-20T14:32:46","modified_gmt":"2025-07-20T17:32:46","slug":"poltrona-vip-home-cinema-design","status":"publish","type":"product","link":"https:\/\/centauro-cinema.com.br\/2018\/produto\/poltrona-vip-home-cinema-design\/","title":{"rendered":"VIP HOME CINEMA DESIGN"},"content":{"rendered":"<h3 id=\"tw-target-text\" class=\"tw-data-text tw-ta tw-text-small\" data-placeholder=\"Tradu\u00e7\u00e3o\"><span style=\"color: #00aae7\"><strong><span lang=\"pt\">POLTRONA VIP HOME CINEMA DESIGN<\/span><\/strong><\/span><\/h3>\n<p class=\"tw-data-text tw-ta tw-text-small\" dir=\"ltr\" data-placeholder=\"Tradu\u00e7\u00e3o\">As poltronas <strong>VIP HOME CINEMA DESIGN<\/strong> combinam, estilo, ergonomia e qualidade atendendo a um p\u00fablico exigente e sofisticado. Com acionamento motorizado s\u00e3o especialmente projetadas para garantir extremo conforto maximizando o aproveitamento e a arquitetura do seu espa\u00e7o.<\/p>\n<h3 data-placeholder=\"Tradu\u00e7\u00e3o\"><span style=\"color: #00aae7\"><strong>DIMENS\u00d5ES<\/strong><\/span><\/h3>\n<pre><span style=\"font-size: 110%\">FECHADA\u00a0 \u00a0 \u00a0  = 0,78 x 0,98 x 1,00 (m) (L x C x H)\r\nRECLINADA\u00a0 \u00a0 \u00a0= 0,78 x 1,70 x 0,75 (m) (L x C x H)\r\nLARGURA BRA\u00c7O = 0,18 (m)<\/span><\/pre>\n<h3 data-placeholder=\"Tradu\u00e7\u00e3o\"><span style=\"color: #00aae7\"><strong>CARACTER\u00cdSTICAS<\/strong><\/span><\/h3>\n<ul>\n<li>Assento confeccionado com molas Nosag<\/li>\n<li>Encosto em fibra siliconada<\/li>\n<li>Bra\u00e7os em espuma D26<\/li>\n<li>Estrutura de madeira de reflorestamento tratada e aparelhada<\/li>\n<li>Mecanismo motorizado e reclin\u00e1vel por acionamento de bot\u00e3o<\/li>\n<li>Bra\u00e7o com porta copos<\/li>\n<li>Mecanismo projetado para maximiza\u00e7\u00e3o do espa\u00e7o<\/li>\n<li>Capacidade at\u00e9 120 Kg<\/li>\n<\/ul>\n<h3><strong><span style=\"color: #00aae7\">OPCIONAIS<\/span><\/strong><\/h3>\n<ul>\n<li data-placeholder=\"Tradu\u00e7\u00e3o\">Bandeja<\/li>\n<li data-placeholder=\"Tradu\u00e7\u00e3o\">Ilumina\u00e7\u00e3o da base por LED<\/li>\n<li data-placeholder=\"Tradu\u00e7\u00e3o\">N\u00famero do assento e fileira<\/li>\n<li data-placeholder=\"Tradu\u00e7\u00e3o\">Configura\u00e7\u00e3o de bra\u00e7os simples ou duplos<\/li>\n<li data-placeholder=\"Tradu\u00e7\u00e3o\">Tape\u00e7ado em couro natural, couro ecol\u00f3gico e tecidos diversos<\/li>\n<\/ul>\n","protected":false},"excerpt":{"rendered":"<p>As poltronas <strong>VIP HOME CINEMA<\/strong> combinam design, estilo, ergonomia e qualidade atendendo a um p\u00fablico exigente e sofisticado. Com acionamento motorizado s\u00e3o especialmente projetadas para garantir o m\u00e1ximo conforto maximizam o aproveitamento de seu espa\u00e7o.<\/p>\n","protected":false},"featured_media":1267,"comment_status":"open","ping_status":"closed","template":"","meta":[],"product_brand":[],"product_cat":[39],"product_tag":[115,116,126,117,114],"class_list":{"0":"post-1261","1":"product","2":"type-product","3":"status-publish","4":"has-post-thumbnail","6":"product_cat-vip","7":"product_tag-home-cinema","8":"product_tag-poltrona-cinema","9":"product_tag-poltrona-design","10":"product_tag-poltrona-motorizada","11":"product_tag-poltrona-vip","13":"first","14":"onbackorder","15":"shipping-taxable","16":"product-type-simple"},"_links":{"self":[{"href":"https:\/\/centauro-cinema.com.br\/2018\/wp-json\/wp\/v2\/product\/1261","targetHints":{"allow":["GET"]}}],"collection":[{"href":"https:\/\/centauro-cinema.com.br\/2018\/wp-json\/wp\/v2\/product"}],"about":[{"href":"https:\/\/centauro-cinema.com.br\/2018\/wp-json\/wp\/v2\/types\/product"}],"replies":[{"embeddable":true,"href":"https:\/\/centauro-cinema.com.br\/2018\/wp-json\/wp\/v2\/comments?post=1261"}],"wp:featuredmedia":[{"embeddable":true,"href":"https:\/\/centauro-cinema.com.br\/2018\/wp-json\/wp\/v2\/media\/1267"}],"wp:attachment":[{"href":"https:\/\/centauro-cinema.com.br\/2018\/wp-json\/wp\/v2\/media?parent=1261"}],"wp:term":[{"taxonomy":"product_brand","embeddable":true,"href":"https:\/\/centauro-cinema.com.br\/2018\/wp-json\/wp\/v2\/product_brand?post=1261"},{"taxonomy":"product_cat","embeddable":true,"href":"https:\/\/centauro-cinema.com.br\/2018\/wp-json\/wp\/v2\/product_cat?post=1261"},{"taxonomy":"product_tag","embeddable":true,"href":"https:\/\/centauro-cinema.com.br\/2018\/wp-json\/wp\/v2\/product_tag?post=1261"}],"curies":[{"name":"wp","href":"https:\/\/api.w.org\/{rel}","templated":true}]}}