{"id":1741,"date":"2025-03-02T16:23:03","date_gmt":"2025-03-02T19:23:03","guid":{"rendered":"https:\/\/centauro-cinema.com.br\/2018\/?post_type=product&#038;p=1741"},"modified":"2025-03-02T21:28:12","modified_gmt":"2025-03-03T00:28:12","slug":"projetor-christie-2k-cp2409-rbe","status":"publish","type":"product","link":"https:\/\/centauro-cinema.com.br\/2018\/produto\/projetor-christie-2k-cp2409-rbe\/","title":{"rendered":"Projetor Christie 2K | CP2409-RBe"},"content":{"rendered":"<p><img fetchpriority=\"high\" decoding=\"async\" class=\"alignnone wp-image-1778\" src=\"https:\/\/centauro-cinema.com.br\/2018\/wp-content\/uploads\/2025\/03\/CP2409-RBE-SPECS-300x211.jpg\" alt=\"\" width=\"1373\" height=\"966\" srcset=\"https:\/\/centauro-cinema.com.br\/2018\/wp-content\/uploads\/2025\/03\/CP2409-RBE-SPECS-300x211.jpg 300w, https:\/\/centauro-cinema.com.br\/2018\/wp-content\/uploads\/2025\/03\/CP2409-RBE-SPECS-768x540.jpg 768w, https:\/\/centauro-cinema.com.br\/2018\/wp-content\/uploads\/2025\/03\/CP2409-RBE-SPECS-960x675.jpg 960w, https:\/\/centauro-cinema.com.br\/2018\/wp-content\/uploads\/2025\/03\/CP2409-RBE-SPECS.jpg 970w\" sizes=\"(max-width: 1373px) 100vw, 1373px\" \/><\/p>\n<p>&nbsp;<\/p>\n<p><strong>Efici\u00eancia e custo de funcionamento<\/strong><br \/>\nO CP2409-RBe \u00e9 236% mais eficiente do que os modelos xenon compar\u00e1veis, produzindo 9,4 l\u00famenes por watt. Os custos de energia mais baixos reduzem o custo total de propriedade em 70%.<\/p>\n<table id=\"efficiency-graphs\" class=\"two-col-table\">\n<tbody>\n<tr>\n<td><img decoding=\"async\" src=\"https:\/\/www.christiedigital.com\/globalassets\/.catalog\/products\/cinema\/cinelife-plus\/2406-rbe\/cp2409-rbe-efficiency.png\" alt=\"9.8% more efficient than competing model in its class\" width=\"800\" height=\"256\" \/><\/p>\n<div><span class=\"ui-provider ed bgj bgk bgl bgm bgn bgo bgp bgq bgr bgs bgt bgu bgv bgw bgx bgy bgz bha bhb bhc bhd bhe bhf bhg bhh bhi bhj bhk bhl bhm bhn bho bhp bhq\" dir=\"ltr\">Efficiency shown as percentage: 236% more efficient than competing Xenon models in its class<\/span><\/div>\n<\/td>\n<td><img decoding=\"async\" src=\"https:\/\/www.christiedigital.com\/globalassets\/.catalog\/products\/cinema\/cinelife-plus\/2406-rbe\/cp2409-rbe-cost-of-operation.png\" alt=\"41% lower cost of operation on average than highest efficiency competitive model\" width=\"800\" height=\"256\" \/><\/p>\n<div><span class=\"ui-provider ed bgj bgk bgl bgm bgn bgo bgp bgq bgr bgs bgt bgu bgv bgw bgx bgy bgz bha bhb bhc bhd bhe bhf bhg bhh bhi bhj bhk bhl bhm bhn bho bhp bhq\" dir=\"ltr\">Cost shown as percentage: 70% lower cost of operation on average than Xenon competitive models in its class<\/span><\/div>\n<\/td>\n<\/tr>\n<\/tbody>\n<\/table>\n<p>Devido a constantes pesquisas, as especifica\u00e7\u00f5es e os recursos est\u00e3o sujeitos a altera\u00e7\u00f5es sem aviso pr\u00e9vio.<\/p>\n","protected":false},"excerpt":{"rendered":"<p><strong>Compatibilidade com vers\u00f5es anteriores<\/strong> &#8211; funciona com os acess\u00f3rios e objetivas Christie existentes<\/p>\n<p><strong>F\u00e1cil de operar<\/strong> &#8211; interface inspirada em UX para reprodu\u00e7\u00e3o, agendamento e gest\u00e3o de conte\u00fado<\/p>\n<p><strong>Desempenho acess\u00edvel<\/strong> &#8211; elimina os custos das l\u00e2mpadas e desfruta de uma maior efici\u00eancia \u00f3tica dos diodos laser<\/p>\n<p><strong>Modo de espera ultrabaixo<\/strong> &#8211; consome menos de 3 W de energia no modo de hiberna\u00e7\u00e3o<\/p>\n<p><strong>Fonte de luz de longa dura\u00e7\u00e3o<\/strong> &#8211; proporciona uma sa\u00edda de luz est\u00e1vel e cores consistentes durante 50.000 horas com um funcionamento de baixa manuten\u00e7\u00e3o<\/p>\n<p><strong>Diversidade de comprimento de onda melhorada (EWD<\/strong>) &#8211; utiliza lasers de cores prim\u00e1rias adicionais para melhorar o desempenho da imagem em telas de proje\u00e7\u00e3o de elevado ganho<\/p>\n<p><strong>ScreenFit\u2122<\/strong> &#8211; Corre\u00e7\u00e3o da distor\u00e7\u00e3o e da curvatura da tela para ajustar corretamente a imagem<\/p>\n<p><strong>Mais do dobro da efici\u00eancia de um projetor de xenon compar\u00e1vel<\/strong> &#8211; At\u00e9 9,8lm\/W<\/p>\n","protected":false},"featured_media":1745,"comment_status":"closed","ping_status":"closed","template":"","meta":[],"product_brand":[],"product_cat":[44],"product_tag":[142,122,125,121,119,124],"class_list":{"0":"post-1741","1":"product","2":"type-product","3":"status-publish","4":"has-post-thumbnail","6":"product_cat-laser-fosforo","7":"product_tag-cp2409-rbe","8":"product_tag-projetor-2k","9":"product_tag-projetor-christie","10":"product_tag-projetor-cinema","11":"product_tag-projetor-dci","12":"product_tag-projetor-laser-fosforo","14":"first","15":"onbackorder","16":"shipping-taxable","17":"product-type-simple"},"_links":{"self":[{"href":"https:\/\/centauro-cinema.com.br\/2018\/wp-json\/wp\/v2\/product\/1741","targetHints":{"allow":["GET"]}}],"collection":[{"href":"https:\/\/centauro-cinema.com.br\/2018\/wp-json\/wp\/v2\/product"}],"about":[{"href":"https:\/\/centauro-cinema.com.br\/2018\/wp-json\/wp\/v2\/types\/product"}],"replies":[{"embeddable":true,"href":"https:\/\/centauro-cinema.com.br\/2018\/wp-json\/wp\/v2\/comments?post=1741"}],"wp:featuredmedia":[{"embeddable":true,"href":"https:\/\/centauro-cinema.com.br\/2018\/wp-json\/wp\/v2\/media\/1745"}],"wp:attachment":[{"href":"https:\/\/centauro-cinema.com.br\/2018\/wp-json\/wp\/v2\/media?parent=1741"}],"wp:term":[{"taxonomy":"product_brand","embeddable":true,"href":"https:\/\/centauro-cinema.com.br\/2018\/wp-json\/wp\/v2\/product_brand?post=1741"},{"taxonomy":"product_cat","embeddable":true,"href":"https:\/\/centauro-cinema.com.br\/2018\/wp-json\/wp\/v2\/product_cat?post=1741"},{"taxonomy":"product_tag","embeddable":true,"href":"https:\/\/centauro-cinema.com.br\/2018\/wp-json\/wp\/v2\/product_tag?post=1741"}],"curies":[{"name":"wp","href":"https:\/\/api.w.org\/{rel}","templated":true}]}}