{"id":1815,"date":"2025-03-02T23:12:38","date_gmt":"2025-03-03T02:12:38","guid":{"rendered":"https:\/\/centauro-cinema.com.br\/2018\/?post_type=product&#038;p=1815"},"modified":"2025-03-03T13:34:45","modified_gmt":"2025-03-03T16:34:45","slug":"projetor-christie-4k-cp4420-rgb","status":"publish","type":"product","link":"https:\/\/centauro-cinema.com.br\/2018\/produto\/projetor-christie-4k-cp4420-rgb\/","title":{"rendered":"Projetor Christie 4K | CP4420-RGB"},"content":{"rendered":"<p><img fetchpriority=\"high\" decoding=\"async\" class=\"alignnone wp-image-1816\" src=\"https:\/\/centauro-cinema.com.br\/2018\/wp-content\/uploads\/2025\/03\/CP4420-RGB-SPECS-300x251.jpg\" alt=\"\" width=\"1381\" height=\"1155\" srcset=\"https:\/\/centauro-cinema.com.br\/2018\/wp-content\/uploads\/2025\/03\/CP4420-RGB-SPECS-300x251.jpg 300w, https:\/\/centauro-cinema.com.br\/2018\/wp-content\/uploads\/2025\/03\/CP4420-RGB-SPECS-768x642.jpg 768w, https:\/\/centauro-cinema.com.br\/2018\/wp-content\/uploads\/2025\/03\/CP4420-RGB-SPECS-960x802.jpg 960w, https:\/\/centauro-cinema.com.br\/2018\/wp-content\/uploads\/2025\/03\/CP4420-RGB-SPECS.jpg 1015w\" sizes=\"(max-width: 1381px) 100vw, 1381px\" \/><\/p>\n<p>&nbsp;<\/p>\n<p>O CP4420-RGB \u00e9 26% mais eficiente do que os seus concorrentes, produzindo 12,9 l\u00famenes por watt. Os custos de energia mais baixos reduzem o custo total de propriedade em 35%.<\/p>\n<table id=\"efficiency-graphs\" class=\"two-col-table\">\n<tbody>\n<tr>\n<td><img decoding=\"async\" src=\"https:\/\/www.christiedigital.com\/globalassets\/.catalog\/products\/cinema\/efficiency-graphs\/cp4420-lumens-per-watt.jpg\" alt=\"Efficiency shown as percentage: 10% more efficient than leading competing model in its class\" width=\"800\" height=\"250\" \/><\/p>\n<div>Efficiency shown as percentage: 26% more efficient than leading competing model in its class<\/div>\n<\/td>\n<td><img decoding=\"async\" src=\"https:\/\/www.christiedigital.com\/globalassets\/.catalog\/products\/cinema\/efficiency-graphs\/cp4420-coo.jpg\" alt=\"Cost shown as percentage: 11% lower cost of operation on average than leading competing model in its class\" width=\"800\" height=\"250\" \/><\/p>\n<div>Cost shown as percentage: 35% lower cost of operation on average than leading competing model in its class<\/div>\n<\/td>\n<\/tr>\n<\/tbody>\n<\/table>\n","protected":false},"excerpt":{"rendered":"<p><strong>Fonte de luz de longa dura\u00e7\u00e3o<\/strong> &#8211; Mais de 50.000 horas de brilho est\u00e1vel na tela, especificado pela DCI, com 8 a 10 anos de funcionamento com pouca manuten\u00e7\u00e3o<\/p>\n<p><strong>Gama de cores melhorada<\/strong> &#8211; Reproduz &gt;95% da gama de cores Rec. 2020 para criar imagens mais ricas em cores utilizando d\u00edodos laser individuais vermelhos, verdes e azuis<\/p>\n<p><strong>Diversidade de comprimento de onda melhorada<\/strong> &#8211; Utiliza lasers de cor prim\u00e1ria com v\u00e1rios comprimentos de onda para melhorar o desempenho da imagem em telas de elevado ganho<\/p>\n<p><strong>Instala\u00e7\u00e3o discreta<\/strong> &#8211; O formato compacto, tudo em um, com um sistema de arrefecimento t\u00e9rmico redesenhado torna este projetor 2,5x mais silencioso do que o seu antecessor<\/p>\n<p><strong>Manuten\u00e7\u00e3o ultra reduzida<\/strong> &#8211; As substitui\u00e7\u00f5es de filtros sem ferramentas e a \u00f3tica totalmente selada protegem contra a entrada de p\u00f3<\/p>\n<p><strong>Retrocompatibilidade<\/strong> &#8211; Totalmente compat\u00edvel com os acess\u00f3rios existentes &#8211; incluindo o Pedestal de Montagem em Rack Christie e as lentes de cinema existentes &#8211; para poupan\u00e7as de custos adicionais<\/p>\n<p><strong>ScreenFit<\/strong> &#8211; Corre\u00e7\u00e3o da distor\u00e7\u00e3o e curvatura do tela para ajuste correto da imagem<\/p>\n<p><strong>Efici\u00eancia excecional<\/strong> &#8211; 12,9 l\u00famens\/watt para um brilho elevado sem consumo elevado de energia, para uma melhoria superior a 20% em rela\u00e7\u00e3o ao seu antecessor<\/p>\n<p>Design de laser que pode ser reparado no terreno &#8211; Atualize e substitua dispositivos laser de forma f\u00e1cil e econ\u00f3mica para manter o projetor com um desempenho \u00f3timo<\/p>\n","protected":false},"featured_media":1825,"comment_status":"closed","ping_status":"closed","template":"","meta":[],"product_brand":[],"product_cat":[45],"product_tag":[179,120,125,121,119,91],"class_list":{"0":"post-1815","1":"product","2":"type-product","3":"status-publish","4":"has-post-thumbnail","6":"product_cat-laser-rgb","7":"product_tag-cp4420-rgb","8":"product_tag-projetor-4k","9":"product_tag-projetor-christie","10":"product_tag-projetor-cinema","11":"product_tag-projetor-dci","12":"product_tag-projetor-laser-rgb","14":"first","15":"onbackorder","16":"shipping-taxable","17":"product-type-simple"},"_links":{"self":[{"href":"https:\/\/centauro-cinema.com.br\/2018\/wp-json\/wp\/v2\/product\/1815","targetHints":{"allow":["GET"]}}],"collection":[{"href":"https:\/\/centauro-cinema.com.br\/2018\/wp-json\/wp\/v2\/product"}],"about":[{"href":"https:\/\/centauro-cinema.com.br\/2018\/wp-json\/wp\/v2\/types\/product"}],"replies":[{"embeddable":true,"href":"https:\/\/centauro-cinema.com.br\/2018\/wp-json\/wp\/v2\/comments?post=1815"}],"wp:featuredmedia":[{"embeddable":true,"href":"https:\/\/centauro-cinema.com.br\/2018\/wp-json\/wp\/v2\/media\/1825"}],"wp:attachment":[{"href":"https:\/\/centauro-cinema.com.br\/2018\/wp-json\/wp\/v2\/media?parent=1815"}],"wp:term":[{"taxonomy":"product_brand","embeddable":true,"href":"https:\/\/centauro-cinema.com.br\/2018\/wp-json\/wp\/v2\/product_brand?post=1815"},{"taxonomy":"product_cat","embeddable":true,"href":"https:\/\/centauro-cinema.com.br\/2018\/wp-json\/wp\/v2\/product_cat?post=1815"},{"taxonomy":"product_tag","embeddable":true,"href":"https:\/\/centauro-cinema.com.br\/2018\/wp-json\/wp\/v2\/product_tag?post=1815"}],"curies":[{"name":"wp","href":"https:\/\/api.w.org\/{rel}","templated":true}]}}