{"id":1826,"date":"2025-03-03T13:08:13","date_gmt":"2025-03-03T16:08:13","guid":{"rendered":"https:\/\/centauro-cinema.com.br\/2018\/?post_type=product&#038;p=1826"},"modified":"2025-03-03T15:15:42","modified_gmt":"2025-03-03T18:15:42","slug":"projetor-christie-4k-cp4420-xe","status":"publish","type":"product","link":"https:\/\/centauro-cinema.com.br\/2018\/produto\/projetor-christie-4k-cp4420-xe\/","title":{"rendered":"Projetor Christie 4K | CP4420-Xe"},"content":{"rendered":"<p><img fetchpriority=\"high\" decoding=\"async\" class=\"alignnone wp-image-1832\" src=\"https:\/\/centauro-cinema.com.br\/2018\/wp-content\/uploads\/2025\/03\/CP4420-Xe-SPECS-300x277.jpg\" alt=\"\" width=\"1377\" height=\"1271\" srcset=\"https:\/\/centauro-cinema.com.br\/2018\/wp-content\/uploads\/2025\/03\/CP4420-Xe-SPECS-300x277.jpg 300w, https:\/\/centauro-cinema.com.br\/2018\/wp-content\/uploads\/2025\/03\/CP4420-Xe-SPECS-768x709.jpg 768w, https:\/\/centauro-cinema.com.br\/2018\/wp-content\/uploads\/2025\/03\/CP4420-Xe-SPECS-960x886.jpg 960w, https:\/\/centauro-cinema.com.br\/2018\/wp-content\/uploads\/2025\/03\/CP4420-Xe-SPECS.jpg 972w\" sizes=\"(max-width: 1377px) 100vw, 1377px\" \/><\/p>\n<p>&nbsp;<\/p>\n<p>Concebidos para serem f\u00e1ceis de utilizar com uma longevidade e confiabilidade estabelecidas, os projetores de cinema Christie\u00ae CineLife+ CP4420-Xe proporcionam brilho a longo prazo e excelente desempenho de imagem com os custos operacionais mais baixos na sua classe de brilho. Com processamento eletr\u00f4nico ultrarr\u00e1pido CineLife+ e uma interface de usu\u00e1rio intuitivamente f\u00e1cil de usar, o CineLife+ Xe redefine a experi\u00eancia de cinema para o p\u00fablico e os operadores.<\/p>\n","protected":false},"excerpt":{"rendered":"<p><strong>Desempenho acess\u00edvel<\/strong> &#8211; Desfrute da longa dura\u00e7\u00e3o das l\u00e2mpadas Christie Xenolite Ultimate Performance<\/p>\n<p><strong>Hiper-realismo<\/strong> &#8211; Apresenta conte\u00fados sem desfocagem de movimento ou artefatos<\/p>\n<p><strong>Preparado para o futuro<\/strong> &#8211; Capacidade de alta taxa de quadros: Reprodu\u00e7\u00e3o 4K 120fps ou 4K 60fps\/eye 3D com um IMB adequado<\/p>\n<p><strong>Processamento ultrarr\u00e1pido<\/strong> &#8211; Entradas HDMI 2.0 e 4x 12GB SDI para 1,06G pixels\/segundo<\/p>\n<p><strong>F\u00e1cil de instalar<\/strong> &#8211; Chassis tudo-em-um leve para uma montagem flex\u00edvel<\/p>\n<p><strong>Flexibilidade na luminosidade<\/strong> &#8211; Funciona com l\u00e2mpadas de alto desempenho padr\u00e3o de 2,0 kW, 3,0 kW e 3,0 kW<\/p>\n<p><strong>Compatibilidade com vers\u00f5es anteriores<\/strong> &#8211; Totalmente compat\u00edvel com todos os acess\u00f3rios Solaria Series 2 existentes, incluindo o pedestal de montagem em rack Christie e as lentes de cinema existentes para economia adicional de custos<\/p>\n<p><strong>Christie LiteLOC<\/strong> &#8211; Mant\u00e9m um brilho constante e uma precis\u00e3o de cor est\u00e1vel durante o tempo de vida operacional<\/p>\n<p><strong>Converg\u00eancia eletr\u00f4nica de cores (ECC)<\/strong> &#8211; Proporciona um alinhamento perfeito em toda a imagem<\/p>\n<p><strong>F\u00e1cil de manter<\/strong> &#8211; Substitui\u00e7\u00f5es de filtros sem ferramentas e acesso r\u00e1pido para simples mudan\u00e7as de l\u00e2mpadas no local<\/p>\n<p><strong>Confiabilidade garantida<\/strong> &#8211; Funcionamento com alimenta\u00e7\u00e3o dividida para utiliza\u00e7\u00e3o com uma UPS (fonte de alimenta\u00e7\u00e3o ininterrupta)<\/p>\n<p><strong>ScreenFit<\/strong> &#8211; Corre\u00e7\u00e3o da distor\u00e7\u00e3o e da curvatura da tela<\/p>\n","protected":false},"featured_media":1834,"comment_status":"closed","ping_status":"closed","template":"","meta":[],"product_brand":[],"product_cat":[43],"product_tag":[180,120,125,121,119,178],"class_list":{"0":"post-1826","1":"product","2":"type-product","3":"status-publish","4":"has-post-thumbnail","6":"product_cat-lampada-xenon","7":"product_tag-cp4420-xe","8":"product_tag-projetor-4k","9":"product_tag-projetor-christie","10":"product_tag-projetor-cinema","11":"product_tag-projetor-dci","12":"product_tag-projetor-xenon","14":"first","15":"onbackorder","16":"shipping-taxable","17":"product-type-simple"},"_links":{"self":[{"href":"https:\/\/centauro-cinema.com.br\/2018\/wp-json\/wp\/v2\/product\/1826","targetHints":{"allow":["GET"]}}],"collection":[{"href":"https:\/\/centauro-cinema.com.br\/2018\/wp-json\/wp\/v2\/product"}],"about":[{"href":"https:\/\/centauro-cinema.com.br\/2018\/wp-json\/wp\/v2\/types\/product"}],"replies":[{"embeddable":true,"href":"https:\/\/centauro-cinema.com.br\/2018\/wp-json\/wp\/v2\/comments?post=1826"}],"wp:featuredmedia":[{"embeddable":true,"href":"https:\/\/centauro-cinema.com.br\/2018\/wp-json\/wp\/v2\/media\/1834"}],"wp:attachment":[{"href":"https:\/\/centauro-cinema.com.br\/2018\/wp-json\/wp\/v2\/media?parent=1826"}],"wp:term":[{"taxonomy":"product_brand","embeddable":true,"href":"https:\/\/centauro-cinema.com.br\/2018\/wp-json\/wp\/v2\/product_brand?post=1826"},{"taxonomy":"product_cat","embeddable":true,"href":"https:\/\/centauro-cinema.com.br\/2018\/wp-json\/wp\/v2\/product_cat?post=1826"},{"taxonomy":"product_tag","embeddable":true,"href":"https:\/\/centauro-cinema.com.br\/2018\/wp-json\/wp\/v2\/product_tag?post=1826"}],"curies":[{"name":"wp","href":"https:\/\/api.w.org\/{rel}","templated":true}]}}