{"id":1911,"date":"2025-03-04T16:18:35","date_gmt":"2025-03-04T19:18:35","guid":{"rendered":"https:\/\/centauro-cinema.com.br\/2018\/?post_type=product&#038;p=1911"},"modified":"2025-03-04T18:41:00","modified_gmt":"2025-03-04T21:41:00","slug":"tela-harkness","status":"publish","type":"product","link":"https:\/\/centauro-cinema.com.br\/2018\/produto\/tela-harkness\/","title":{"rendered":"Tela Harkness"},"content":{"rendered":"<p>H\u00e1 mais de 95 anos a Harkness est\u00e1 na vanguarda da tecnologia, fornecendo telas de cinema e telas para eventos que melhoram todas as experi\u00eancias de proje\u00e7\u00e3o.<br \/>\nDesde tecnologias inovadoras de telas de cinema 2D e 3D para proje\u00e7\u00e3o digital e a laser, como:<\/p>\n<ul>\n<li><span style=\"color: #00aae7\"><strong>Hugo SR<\/strong><\/span><\/li>\n<li><span style=\"color: #00aae7\"><strong>Clarus XC<\/strong><\/span><\/li>\n<li><span style=\"color: #00aae7\"><strong>Perlux HiWhite<\/strong><\/span><\/li>\n<li><span style=\"color: #00aae7\"><strong>Spectral<\/strong><\/span><\/li>\n<li><span style=\"color: #00aae7\"><strong>Nova<\/strong><\/span><\/li>\n<li><span style=\"color: #00aae7\"><strong>Precision White by RealD<\/strong><\/span><\/li>\n<\/ul>\n<p>&nbsp;<\/p>\n<p>Para saber qual tipo de tela de proje\u00e7\u00e3o \u00e9 indicada para seu projeto entre em contato com nossa equipe comercial<\/p>\n","protected":false},"excerpt":{"rendered":"<p>H\u00e1 mais de 95 anos a Harkness est\u00e1 na vanguarda da tecnologia, fornecendo telas de cinema e telas para eventos que melhoram todas as experi\u00eancias de proje\u00e7\u00e3o.<br \/>\nDesde tecnologias inovadoras de telas de cinema 2D e 3D para proje\u00e7\u00e3o digital e a laser, como:<\/p>\n<ul>\n<li><span style=\"color: #00aae7\"><strong>Hugo SR<\/strong><\/span><\/li>\n<li><span style=\"color: #00aae7\"><strong>Clarus XC<\/strong><\/span><\/li>\n<li><span style=\"color: #00aae7\"><strong>Perlux HiWhite<\/strong><\/span><\/li>\n<li><span style=\"color: #00aae7\"><strong>Spectral<\/strong><\/span><\/li>\n<li><span style=\"color: #00aae7\"><strong>Nova<\/strong><\/span><\/li>\n<li><span style=\"color: #00aae7\"><strong>Precision White by RealD<\/strong><\/span><\/li>\n<\/ul>\n<p>Para saber qual tipo de tele \u00e9 indicado para seu projeto entre em contato com nossa equipe comercial<\/p>\n","protected":false},"featured_media":1919,"comment_status":"open","ping_status":"closed","template":"","meta":[],"product_brand":[],"product_cat":[95,102],"product_tag":[195,196],"class_list":{"0":"post-1911","1":"product","2":"type-product","3":"status-publish","4":"has-post-thumbnail","6":"product_cat-solucoes","7":"product_cat-telas-de-projecao","8":"product_tag-harkness","9":"product_tag-tela-de-projecao","11":"first","12":"onbackorder","13":"shipping-taxable","14":"product-type-simple"},"_links":{"self":[{"href":"https:\/\/centauro-cinema.com.br\/2018\/wp-json\/wp\/v2\/product\/1911","targetHints":{"allow":["GET"]}}],"collection":[{"href":"https:\/\/centauro-cinema.com.br\/2018\/wp-json\/wp\/v2\/product"}],"about":[{"href":"https:\/\/centauro-cinema.com.br\/2018\/wp-json\/wp\/v2\/types\/product"}],"replies":[{"embeddable":true,"href":"https:\/\/centauro-cinema.com.br\/2018\/wp-json\/wp\/v2\/comments?post=1911"}],"wp:featuredmedia":[{"embeddable":true,"href":"https:\/\/centauro-cinema.com.br\/2018\/wp-json\/wp\/v2\/media\/1919"}],"wp:attachment":[{"href":"https:\/\/centauro-cinema.com.br\/2018\/wp-json\/wp\/v2\/media?parent=1911"}],"wp:term":[{"taxonomy":"product_brand","embeddable":true,"href":"https:\/\/centauro-cinema.com.br\/2018\/wp-json\/wp\/v2\/product_brand?post=1911"},{"taxonomy":"product_cat","embeddable":true,"href":"https:\/\/centauro-cinema.com.br\/2018\/wp-json\/wp\/v2\/product_cat?post=1911"},{"taxonomy":"product_tag","embeddable":true,"href":"https:\/\/centauro-cinema.com.br\/2018\/wp-json\/wp\/v2\/product_tag?post=1911"}],"curies":[{"name":"wp","href":"https:\/\/api.w.org\/{rel}","templated":true}]}}