{"id":348,"date":"2019-01-11T17:34:08","date_gmt":"2019-01-11T19:34:08","guid":{"rendered":"http:\/\/centauro-cinema.com.br\/2018\/?post_type=product&#038;p=348"},"modified":"2025-03-03T16:02:30","modified_gmt":"2025-03-03T19:02:30","slug":"projetor-cp4230","status":"publish","type":"product","link":"https:\/\/centauro-cinema.com.br\/2018\/produto\/projetor-cp4230\/","title":{"rendered":"Projetor Christie 4K | CP4230"},"content":{"rendered":"<table style=\"height: 1133px\" width=\"585\">\n<tbody>\n<tr>\n<td width=\"150\"><strong>Tamanho de tela<\/strong><\/td>\n<td width=\"380\">\n<ul>\n<li>Up to 87ft (32m)<\/li>\n<\/ul>\n<\/td>\n<\/tr>\n<tr>\n<td width=\"150\"><strong>Brilho<\/strong><\/td>\n<td width=\"380\">\n<ul>\n<li>~34,000 lumens<sup>1<\/sup><\/li>\n<\/ul>\n<\/td>\n<\/tr>\n<tr>\n<td width=\"150\"><strong>L\u00e2mpadas<\/strong><\/td>\n<td width=\"380\">\n<ul>\n<li>2.0kW (CDXL-20) 003-000598-01<\/li>\n<li>3.0kW (CDXL-30) 003-000599-01<\/li>\n<li>4.0kW (CDXL-45) 003-000600-XX<\/li>\n<li>6.0kW (CDXL-60) 003-000601-XX<\/li>\n<li>6.0kW (CDXL-60UP) 003-006912-01<\/li>\n<\/ul>\n<\/td>\n<\/tr>\n<tr>\n<td width=\"150\"><strong>Rela\u00e7\u00e3o de contraste<\/strong><\/td>\n<td width=\"380\">\n<ul>\n<li>~2000:1 full field on\/off<\/li>\n<\/ul>\n<\/td>\n<\/tr>\n<tr>\n<td width=\"150\"><strong>Resolu\u00e7\u00e3o<\/strong><\/td>\n<td width=\"380\">\n<ul>\n<li>4K (4096 x 2160)<\/li>\n<\/ul>\n<\/td>\n<\/tr>\n<tr>\n<td width=\"150\"><strong>Cores<\/strong><\/td>\n<td width=\"380\">\n<ul>\n<li>35.2 trillion<\/li>\n<\/ul>\n<\/td>\n<\/tr>\n<tr>\n<td width=\"150\"><strong>DMD DLP Cinema<\/strong><strong><sup>\u00ae<\/sup><\/strong><\/td>\n<td width=\"380\">\n<ul>\n<li>1.4&#8243; Enhanced 4K 3DLP\u200b<\/li>\n<\/ul>\n<\/td>\n<\/tr>\n<tr>\n<td width=\"150\"><strong>Lentes<\/strong><\/td>\n<td width=\"380\">\n<ul>\n<li>HB and HC:<\/li>\n<li>1.0:1 (HB lens)<\/li>\n<li>1.25-1.83:1<\/li>\n<li>1.45-2.05:1<\/li>\n<li>1.60-2.40:1<\/li>\n<li>1.80-3.0:1<\/li>\n<li>2.15-3.60:1<\/li>\n<li>3.0-4.30:1 (HB lens)<\/li>\n<\/ul>\n<\/td>\n<\/tr>\n<tr>\n<td width=\"150\"><strong>Tens\u00e3o de entrada<\/strong><\/td>\n<td width=\"380\">\n<ul>\n<li>3 Phase 208\/400V<\/li>\n<\/ul>\n<\/td>\n<\/tr>\n<tr>\n<td width=\"150\"><strong>Frame rates suportados<\/strong><\/td>\n<td width=\"380\">\n<ul>\n<li>2D: 2K content up to 120 fps<\/li>\n<li>3D: 2K content up to 60 fps\/eye<sup style=\"color: #555555;font-family: inherit\">2<\/sup><\/li>\n<\/ul>\n<\/td>\n<\/tr>\n<tr>\n<td width=\"150\"><strong>Fonte l\u00e2mpada xenon<\/strong><\/td>\n<td width=\"380\">\n<ul>\n<li>7kW low-ripple switch mode lamp power supply<\/li>\n<\/ul>\n<\/td>\n<\/tr>\n<tr>\n<td width=\"150\"><strong>Acess\u00f3rios<\/strong><\/td>\n<td width=\"380\">\n<ul>\n<li>Lamp power supply kit 7.5m<\/li>\n<li>Lamp power supply kit 15m<\/li>\n<li>Lamp power supply kit 30m<\/li>\n<li>Rack mount stand<\/li>\n<\/ul>\n<\/td>\n<\/tr>\n<tr>\n<td width=\"150\"><strong>Dimens\u00f5es<\/strong><\/td>\n<td width=\"380\">\n<ul>\n<li>(L x W x H): 46&#8243; x 25&#8243; x 19&#8243; (1068 x 635 x 483mm)<\/li>\n<\/ul>\n<\/td>\n<\/tr>\n<tr>\n<td width=\"150\"><strong>Peso<\/strong><\/td>\n<td width=\"380\">\n<ul>\n<li>As installed: 245lb max (111kg)<\/li>\n<li>Lamp power supply weight: 70lbs max (32kg)<\/li>\n<\/ul>\n<\/td>\n<\/tr>\n<\/tbody>\n<\/table>\n","protected":false},"excerpt":{"rendered":"<p>O Christie CP4230 \u00e9 o primeiro projetor Superior 4K Digital Cinema\u00ae DLP do mundo e \u00e9 uma das mais recentes adi\u00e7\u00f5es \u00e0 premiada s\u00e9rie de projetores de cinema digital Christie Solaria.<\/p>\n","protected":false},"featured_media":1194,"comment_status":"closed","ping_status":"closed","template":"","meta":[],"product_brand":[],"product_cat":[43],"product_tag":[120,125,121,119,91],"class_list":{"0":"post-348","1":"product","2":"type-product","3":"status-publish","4":"has-post-thumbnail","6":"product_cat-lampada-xenon","7":"product_tag-projetor-4k","8":"product_tag-projetor-christie","9":"product_tag-projetor-cinema","10":"product_tag-projetor-dci","11":"product_tag-projetor-laser-rgb","13":"first","14":"outofstock","15":"shipping-taxable","16":"product-type-simple"},"_links":{"self":[{"href":"https:\/\/centauro-cinema.com.br\/2018\/wp-json\/wp\/v2\/product\/348","targetHints":{"allow":["GET"]}}],"collection":[{"href":"https:\/\/centauro-cinema.com.br\/2018\/wp-json\/wp\/v2\/product"}],"about":[{"href":"https:\/\/centauro-cinema.com.br\/2018\/wp-json\/wp\/v2\/types\/product"}],"replies":[{"embeddable":true,"href":"https:\/\/centauro-cinema.com.br\/2018\/wp-json\/wp\/v2\/comments?post=348"}],"wp:featuredmedia":[{"embeddable":true,"href":"https:\/\/centauro-cinema.com.br\/2018\/wp-json\/wp\/v2\/media\/1194"}],"wp:attachment":[{"href":"https:\/\/centauro-cinema.com.br\/2018\/wp-json\/wp\/v2\/media?parent=348"}],"wp:term":[{"taxonomy":"product_brand","embeddable":true,"href":"https:\/\/centauro-cinema.com.br\/2018\/wp-json\/wp\/v2\/product_brand?post=348"},{"taxonomy":"product_cat","embeddable":true,"href":"https:\/\/centauro-cinema.com.br\/2018\/wp-json\/wp\/v2\/product_cat?post=348"},{"taxonomy":"product_tag","embeddable":true,"href":"https:\/\/centauro-cinema.com.br\/2018\/wp-json\/wp\/v2\/product_tag?post=348"}],"curies":[{"name":"wp","href":"https:\/\/api.w.org\/{rel}","templated":true}]}}