{"id":379,"date":"2019-01-11T18:34:03","date_gmt":"2019-01-11T20:34:03","guid":{"rendered":"http:\/\/centauro-cinema.com.br\/2018\/?post_type=product&#038;p=379"},"modified":"2025-03-03T16:01:47","modified_gmt":"2025-03-03T19:01:47","slug":"projetor-cp2320-rgb","status":"publish","type":"product","link":"https:\/\/centauro-cinema.com.br\/2018\/produto\/projetor-cp2320-rgb\/","title":{"rendered":"Projetor Christie 2K |  CP2320-RGB"},"content":{"rendered":"<table width=\"0\">\n<tbody>\n<tr>\n<td width=\"150\"><strong>Brilho<\/strong><\/td>\n<td width=\"380\">nominal: up to 20,000 lumens (&lt;25<sup>\u25cb<\/sup>C ambient)<\/p>\n<p>expected lifetime: &gt;30,000 hours to 80% brightness (&lt;25<sup>\u25cb<\/sup>C ambient)<\/td>\n<\/tr>\n<tr>\n<td width=\"150\"><strong>Rela\u00e7\u00e3o de contraste<\/strong><\/td>\n<td width=\"380\">3000:1 sequential\/1000:1 ANSI with standard high brightness lens<\/td>\n<\/tr>\n<tr>\n<td width=\"150\"><strong>Resolu\u00e7\u00e3o<\/strong><\/td>\n<td width=\"380\">\u200b<\/p>\n<p>2048&#215;1080 (2K)\u200b<\/td>\n<\/tr>\n<tr>\n<td width=\"150\"><strong>DMD DLP Cinema<sup>\u00ae<\/sup><\/strong><\/td>\n<td width=\"380\">\u200b0.98\u201d mDC2K 3-chip DMD DLP Cinema\u200b\u00ae<\/td>\n<\/tr>\n<tr>\n<td width=\"150\"><strong>Color gamut<\/strong><\/td>\n<td width=\"380\">&gt;90% Rec 2020 coverage<\/td>\n<\/tr>\n<tr>\n<td width=\"150\"><strong>\u200b\u200b Processamento eletr\u00f4nico<\/strong><\/td>\n<td width=\"380\">Christie\u00ae CineLife\u2122 Series-3 (Series-2 IMB compatible)<sup>1<\/sup><\/p>\n<p>HDMI v1.4a x2<\/p>\n<p>16-channel AES (w\/ Christie IMB-S3 via RJ45 x2)<\/p>\n<p>2K120 \/ 4K30 fps (w\/Christie IMB-S3)<\/p>\n<p>Built-in automation controller<\/p>\n<p>3D Sync Connector (12V 1A powered)<sup>2<\/sup><\/td>\n<\/tr>\n<tr>\n<td width=\"150\"><strong>Lentes<\/strong><\/td>\n<td width=\"380\">Fully motorized Intelligent Lens System (ILS\u2122)<\/td>\n<\/tr>\n<tr>\n<td width=\"150\"><strong>Lentes<\/strong><\/td>\n<td width=\"380\">1.05:1<\/p>\n<p>1.20-1.75:1<\/p>\n<p>1.39-1.9:1<\/p>\n<p>1.5-2.2:1<\/p>\n<p>1.75-2.4:1<\/p>\n<p>1.9-3.0:1<\/p>\n<p>2.4-3.9:1\u200b<\/td>\n<\/tr>\n<tr>\n<td width=\"150\"><strong>Tens\u00e3o de entrada<\/strong><\/td>\n<td width=\"380\">Single phase 200-240 VAC<\/td>\n<\/tr>\n<tr>\n<td width=\"150\"><strong>Alimenta\u00e7\u00e3o<\/strong><\/td>\n<td width=\"380\">Input A: 200-240 VAC @ 50-60Hz, 18A (14A typical)<\/p>\n<p>Input B (UPS input): 100-240VAC @ 50-60Hz, 10A (8A typical @ 120V)<\/td>\n<\/tr>\n<tr>\n<td width=\"150\"><strong>Refrigera\u00e7\u00e3o<\/strong><\/td>\n<td width=\"380\">Liquid cooled\/TEC, self-contained<\/p>\n<p>Heat extraction optional<\/td>\n<\/tr>\n<tr>\n<td width=\"150\"><strong>Laser class<\/strong><\/td>\n<td width=\"380\">Class 1 \u2013 Risk Group 3<\/td>\n<\/tr>\n<tr>\n<td width=\"150\"><strong>Dimens\u00f5es<\/strong><\/td>\n<td width=\"380\">Size (not including lens):\u00a0(LxWxH): 42.6&#215;25.0x13.3\u201d (1083x635x337mm)\u200b<\/td>\n<\/tr>\n<tr>\n<td width=\"150\"><strong>Peso<\/strong><\/td>\n<td width=\"380\">176 lbs (80 kg)<\/td>\n<\/tr>\n<tr>\n<td width=\"150\"><strong>\u200bAcess\u00f3rios<\/strong><\/td>\n<td width=\"380\">\u200b\u200bChristie IMB-S3 (153-100102-XX)<\/p>\n<p>NAS-S3 5.4TB storage (153-101103-01)<\/p>\n<p>Rack mount pedestal (108-416102-01)<\/p>\n<p>Rack stand adaptor (163-111104-01)<\/p>\n<p>Extraction duct (163-112105-01)<\/td>\n<\/tr>\n<\/tbody>\n<\/table>\n<ol>\n<li>Suporta Dolby IMS2000 \/ IMS3000 e GDC SX-3000 \/ SX-4000<\/li>\n<li>Suporta a maioria dos sistemas 3D convencionais, exceto o 3D baseado em &#8220;separa\u00e7\u00e3o de cores&#8221; (ou seja, 6P). Visite o site para mais informa\u00e7\u00f5es.<\/li>\n<\/ol>\n<p>Devido a constantes pesquisas, as especifica\u00e7\u00f5es e os recursos est\u00e3o sujeitos a altera\u00e7\u00f5es sem aviso pr\u00e9vio.<\/p>\n","protected":false},"excerpt":{"rendered":"<ul>\n<li>Fonte de luz confi\u00e1vel e de longa dura\u00e7\u00e3o &#8211; o Christie RealLaser oferece 75.000 horas de desempenho ideal antes de cair para 50% do brilho original<\/li>\n<li>Qualidade de imagem impec\u00e1vel &#8211;\u00a0Ampla gama de cores e taxa de contraste de 3.000: 1 proporcionam uma qualidade de apresenta\u00e7\u00e3o ultra-realista<\/li>\n<li>Manuten\u00e7\u00e3o ultrabaixa &#8211; \u00d3ptica totalmente vedada permite zero ingresso de poeira<\/li>\n<li>Christie CineLife electronics &#8211; Interface simplificada projetada pelo UX para reprodu\u00e7\u00e3o, programa\u00e7\u00e3o e gerenciamento simples de conte\u00fado de cinema quando usado com o IMB-S3 da Christie<\/li>\n<li>\u00c0 prova de futuro &#8211; Alta taxa de quadros com capacidade: 2K a 120fps e 4K a 48fps para reprodu\u00e7\u00e3o em 4K 3D nativo<\/li>\n<li>Formato compacto &#8211; Adapta-se perfeitamente aos estandes existentes para f\u00e1cil instala\u00e7\u00e3o<\/li>\n<li>Compatibilidade retroativa &#8211; Totalmente compat\u00edvel com os acess\u00f3rios existentes, incluindo o pedestal de montagem em rack Christie e as lentes de cinema existentes para economia adicional<\/li>\n<\/ul>\n","protected":false},"featured_media":970,"comment_status":"open","ping_status":"closed","template":"","meta":[],"product_brand":[],"product_cat":[45],"product_tag":[122,125,121,119],"class_list":{"0":"post-379","1":"product","2":"type-product","3":"status-publish","4":"has-post-thumbnail","6":"product_cat-laser-rgb","7":"product_tag-projetor-2k","8":"product_tag-projetor-christie","9":"product_tag-projetor-cinema","10":"product_tag-projetor-dci","12":"first","13":"outofstock","14":"shipping-taxable","15":"product-type-simple"},"_links":{"self":[{"href":"https:\/\/centauro-cinema.com.br\/2018\/wp-json\/wp\/v2\/product\/379","targetHints":{"allow":["GET"]}}],"collection":[{"href":"https:\/\/centauro-cinema.com.br\/2018\/wp-json\/wp\/v2\/product"}],"about":[{"href":"https:\/\/centauro-cinema.com.br\/2018\/wp-json\/wp\/v2\/types\/product"}],"replies":[{"embeddable":true,"href":"https:\/\/centauro-cinema.com.br\/2018\/wp-json\/wp\/v2\/comments?post=379"}],"wp:featuredmedia":[{"embeddable":true,"href":"https:\/\/centauro-cinema.com.br\/2018\/wp-json\/wp\/v2\/media\/970"}],"wp:attachment":[{"href":"https:\/\/centauro-cinema.com.br\/2018\/wp-json\/wp\/v2\/media?parent=379"}],"wp:term":[{"taxonomy":"product_brand","embeddable":true,"href":"https:\/\/centauro-cinema.com.br\/2018\/wp-json\/wp\/v2\/product_brand?post=379"},{"taxonomy":"product_cat","embeddable":true,"href":"https:\/\/centauro-cinema.com.br\/2018\/wp-json\/wp\/v2\/product_cat?post=379"},{"taxonomy":"product_tag","embeddable":true,"href":"https:\/\/centauro-cinema.com.br\/2018\/wp-json\/wp\/v2\/product_tag?post=379"}],"curies":[{"name":"wp","href":"https:\/\/api.w.org\/{rel}","templated":true}]}}