{"id":399,"date":"2019-01-11T19:53:29","date_gmt":"2019-01-11T21:53:29","guid":{"rendered":"http:\/\/centauro-cinema.com.br\/2018\/?post_type=product&#038;p=399"},"modified":"2025-03-03T17:12:23","modified_gmt":"2025-03-03T20:12:23","slug":"projetor-dp2k-15c","status":"publish","type":"product","link":"https:\/\/centauro-cinema.com.br\/2018\/produto\/projetor-dp2k-15c\/","title":{"rendered":"Projetor Barco | DP2K-15C"},"content":{"rendered":"<p>O Barco DP2K-15C \u00e9 um projetor de cinema digital compacto e totalmente integrado para salas de m\u00e9dio porte, baseado no chip DLP Cinema\u00ae de 0,98 pol da Texas Instruments. Ele garante uma experi\u00eancia de cinema de primeira classe com brilho de imagem consistente, alto contraste e cores vibrantes. Unindo funcionalidades de projetor e servidor de m\u00eddia em um \u00fanico m\u00f3dulo de projetor, o Barco Alchemy DP2K-15C \u00e9 um\u00a0projetor maduro em conformidade com DCI e uma solu\u00e7\u00e3o de servidor de m\u00eddia\u00a0com\u00a0armazenamento integrado. Reduzindo o hardware requerido, aumenta a\u00a0simplicidade e a confiabilidade. Verdadeiramente inteligente, ele detecta erros operacionais em potencial e avisa os usu\u00e1rios sobre infort\u00fanios. \u00d3timo em\u00a0ambientes TMS, ele opera de\u00a0modo independente em aplica\u00e7\u00f5es de tela \u00fanica. Gra\u00e7as \u00e0 interface do usu\u00e1rio\u00a0Barco Web Commander\u00a0integrada, as apresenta\u00e7\u00f5es podem ser criadas e programadas remotamente.<\/p>\n<h3><strong>Recursos<\/strong><\/h3>\n<ul>\n<li>A solu\u00e7\u00e3o de baixo impacto sobre o or\u00e7amento e m\u00ednimo custo de propriedade gra\u00e7as \u00e0 tecnologia Barco Alchemy integrada, filtros reutiliz\u00e1veis, pouca manuten\u00e7\u00e3o etc.<\/li>\n<li>Inclui armazenamento<\/li>\n<li>M\u00e1xima facilidade de uso por meio do sistema de gerenciamento de tela \u201cBarco Web Commander\u201d intuitivo, operado por meio de um navegador da web<\/li>\n<li>Barco Communicator para configura\u00e7\u00e3o e atualiza\u00e7\u00f5es simples de todos os m\u00f3dulos no projetor<\/li>\n<li>Qualidade e brilho de imagem consistentes gra\u00e7as ao mecanismo vedado propriet\u00e1rio e ao resfriamento DMD avan\u00e7ado<\/li>\n<li>F\u00e1cil instala\u00e7\u00e3o e manuten\u00e7\u00e3o gra\u00e7as ao design modular comprovado e componentes compartilhados com outros projetores da Barco s\u00e9rie DP2K B<\/li>\n<\/ul>\n<p>&nbsp;<\/p>\n<h2><strong>Especifica\u00e7\u00f5es<\/strong><\/h2>\n<div id=\"prod-specs-content\">\n<div id=\"specs-async-content\">\n<table class=\"table table-striped table-hover product-specs-table\">\n<tbody>\n<tr>\n<th>Dispositivo de Micro-espelhos Digital (Digital MicroMirror Device\u2122)<\/th>\n<td>3 x Dispositivos de metal escuro DC2 de 0,98\u201d (2,49 cm)<\/td>\n<\/tr>\n<tr>\n<th>Resolu\u00e7\u00e3o original<\/th>\n<td>2048 x 1080 pixels<\/td>\n<\/tr>\n<tr>\n<th>Alojamento<\/th>\n<td>DMDs e conjunto \u00f3ptico hermeticamente fechados<\/td>\n<\/tr>\n<tr>\n<th>L\u00e2mpada<\/th>\n<td>1,2 kW &#8211; 3 kW<\/td>\n<\/tr>\n<tr>\n<th>Sa\u00edda de luz<\/th>\n<td>14.500 l\u00famens<\/td>\n<\/tr>\n<tr>\n<th>Tamanho da tela<\/th>\n<td>At\u00e9 15 m \/ 49 p\u00e9s de largura (ganho de tela de 1,4 a 14 ftl)<\/td>\n<\/tr>\n<tr>\n<th>Raz\u00e3o de contraste<\/th>\n<td>2.000:1<\/td>\n<\/tr>\n<tr>\n<th>Lentes de alto n\u00edvel<\/th>\n<td>1,2 &#8211; 1,8<br \/>\n1,4 &#8211; 2,05<br \/>\n1,6 &#8211; 2,5<br \/>\n1,95 &#8211; 3,2<br \/>\n2,4 &#8211; 3,9<\/td>\n<\/tr>\n<tr>\n<th>E\/S de controle<\/th>\n<td>3x Ethernet<br \/>\n8x GPIO (DB 25)<br \/>\n3D interface<br \/>\nUSB RS-232 interface (DB9)<\/td>\n<\/tr>\n<tr>\n<th>Processador de m\u00eddia de cinema integrado<\/th>\n<td>DCI 4K 2D at\u00e9 60 fps*<br \/>\nDCI 4K 3D (24 ou 30 fps por olho)*<br \/>\n3D 2K com altas taxas de quadros DCI at\u00e9 120 fps (60 fps por olho)<br \/>\nTaxas de bits de JPEG 2000 de at\u00e9 625 Mbps<br \/>\nCorre\u00e7\u00e3o de cores de dois canais<br \/>\nMPEG-2 (4:2:0 e 4:2:2 at\u00e9 60 fps)<br \/>\n2x HDMI2.0a (at\u00e9 4K 2D 60 fps)<br \/>\n2x Entradas 3G-SDI<br \/>\n16x Canais de \u00e1udio AES\/EBU (2x RJ45)<br \/>\n8x GPI, 8x GPO (4x RJ45)<br \/>\n2x Gbe para conectividade e inser\u00e7\u00e3o de conte\u00fado<br \/>\n2x USB 3.0 acess\u00edveis pela frente para inser\u00e7\u00e3o r\u00e1pida<br \/>\n2x USB 2.0 acess\u00edveis pela frente<br \/>\nMarca d\u2019\u00e1gua em v\u00eddeo: Civolution NexGuard<br \/>\nMarca d\u2019\u00e1gua em \u00e1udio: Civolution<br \/>\nDispositivos com closed caption: Suporte para SMPTE 430-10<br \/>\n* 4K 24 fps \u00e9 o padr\u00e3o. Para os m\u00f3dulos de atualiza\u00e7\u00e3o 4K 60 fps\/4K 3D no ICMP, \u00e9 exigida a licen\u00e7a. Os novos projetores 4K Barco Alchemy possuem uma licen\u00e7a padr\u00e3o inclu\u00edda.<\/td>\n<\/tr>\n<tr>\n<th>Armazenamento integrado<\/th>\n<td>3 discos r\u00edgidos com 1 TB, 2,5 pol e troca r\u00e1pida \/ Armazenamento efetivo de 1,9 TB (RAID-5)<br \/>\n3 discos r\u00edgidos com 2 TB, 2,5 pol e troca r\u00e1pida \/ Armazenamento efetivo de 3,9 TB (RAID-5)<\/td>\n<\/tr>\n<tr>\n<th>Barco Web Commander<\/th>\n<td>Painel do projetor<br \/>\nPlaca de controle do projetor<br \/>\nReprodutor\/editor\/programador de apresenta\u00e7\u00f5es<br \/>\nAutoma\u00e7\u00e3o, 3D, inser\u00e7\u00e3o<br \/>\nListas de reprodu\u00e7\u00e3o DCP din\u00e2micas e intervalo<br \/>\nIntegra\u00e7\u00e3o de TMS<br \/>\nStatus do projetor inteligente<br \/>\nVia navegadores de internet HTML5 incluindo tablets iOS e Android<br \/>\nProjetor duplo 3D: passivo e ativo<br \/>\nDecodifica\u00e7\u00e3o Auro 11.1<\/td>\n<\/tr>\n<tr>\n<th>Barco Communicator<\/th>\n<td>Projector installation &amp; configuration<br \/>\nProjector update &amp; maintenance<\/td>\n<\/tr>\n<tr>\n<th>Diagn\u00f3stico do projetor<\/th>\n<td>via Servidor de M\u00eddia Integrado<br \/>\natrav\u00e9s do software de controle Communicator<br \/>\natrav\u00e9s de agente SNMP<\/td>\n<\/tr>\n<tr>\n<th>Requisitos de energia<\/th>\n<td>220 V<\/td>\n<\/tr>\n<tr>\n<th>Dimens\u00f5es<\/th>\n<td>558 (A) x 694 (L) x 1.034 (P) mm<br \/>\n22,0 (A) x 27,3 (L) x 40,7 (P) polegadas<br \/>\nNOTA: m\u00edn. de 5 cm de espa\u00e7amento de entrada de ar necess\u00e1rio na parte inferior do projetor<\/td>\n<\/tr>\n<tr>\n<th>Peso<\/th>\n<td>102 kg (225 lbs)<\/td>\n<\/tr>\n<tr>\n<th>Temperatura Ambiente<\/th>\n<td>35 \u00b0C \/ 95 \u00b0F M\u00e1x.<\/td>\n<\/tr>\n<tr>\n<th>Fluxo de ar de exaust\u00e3o<\/th>\n<td>240 a 280 cfm (6,8 a 8 m\u00b3\/min)<\/td>\n<\/tr>\n<tr>\n<th>Op\u00e7\u00f5es<\/th>\n<td>Aplicativo CineMate da Barco (iOS e Android) &#8211; gr\u00e1tis<br \/>\nComplementos 3D<br \/>\nMonitor com tela sens\u00edvel ao toque, inc. Barco Commander &amp; Communicator<br \/>\nPedestal<br \/>\nCineCare Web<br \/>\nLicen\u00e7a Auro 11.1<br \/>\nLicen\u00e7a Barco Escape<br \/>\nLicen\u00e7a para projetor duplo<br \/>\n3D ao vivo***<br \/>\nGhostbusting***<br \/>\n** Em teste<br \/>\n*** Rota de software<\/td>\n<\/tr>\n<\/tbody>\n<\/table>\n<\/div>\n<\/div>\n","protected":false},"excerpt":{"rendered":"<h2><strong>Projetor DLP Barco Alchemy Cinema compacto (14.500 lumens)<\/strong><\/h2>\n<ul>\n<li>Tamanho pequeno, desempenho que cabe no bolso<\/li>\n<li>Projetor integrado, em conformidade com DCI<\/li>\n<li>Combina funcionalidades de servidor de m\u00eddia com eletr\u00f4nica de processamento de cinema da s\u00e9rie 3<\/li>\n<\/ul>\n","protected":false},"featured_media":978,"comment_status":"closed","ping_status":"closed","template":"","meta":[],"product_brand":[],"product_cat":[43],"product_tag":[],"class_list":{"0":"post-399","1":"product","2":"type-product","3":"status-publish","4":"has-post-thumbnail","6":"product_cat-lampada-xenon","8":"first","9":"outofstock","10":"shipping-taxable","11":"product-type-simple"},"_links":{"self":[{"href":"https:\/\/centauro-cinema.com.br\/2018\/wp-json\/wp\/v2\/product\/399","targetHints":{"allow":["GET"]}}],"collection":[{"href":"https:\/\/centauro-cinema.com.br\/2018\/wp-json\/wp\/v2\/product"}],"about":[{"href":"https:\/\/centauro-cinema.com.br\/2018\/wp-json\/wp\/v2\/types\/product"}],"replies":[{"embeddable":true,"href":"https:\/\/centauro-cinema.com.br\/2018\/wp-json\/wp\/v2\/comments?post=399"}],"wp:featuredmedia":[{"embeddable":true,"href":"https:\/\/centauro-cinema.com.br\/2018\/wp-json\/wp\/v2\/media\/978"}],"wp:attachment":[{"href":"https:\/\/centauro-cinema.com.br\/2018\/wp-json\/wp\/v2\/media?parent=399"}],"wp:term":[{"taxonomy":"product_brand","embeddable":true,"href":"https:\/\/centauro-cinema.com.br\/2018\/wp-json\/wp\/v2\/product_brand?post=399"},{"taxonomy":"product_cat","embeddable":true,"href":"https:\/\/centauro-cinema.com.br\/2018\/wp-json\/wp\/v2\/product_cat?post=399"},{"taxonomy":"product_tag","embeddable":true,"href":"https:\/\/centauro-cinema.com.br\/2018\/wp-json\/wp\/v2\/product_tag?post=399"}],"curies":[{"name":"wp","href":"https:\/\/api.w.org\/{rel}","templated":true}]}}