{"id":413,"date":"2019-01-14T09:46:14","date_gmt":"2019-01-14T11:46:14","guid":{"rendered":"http:\/\/centauro-cinema.com.br\/2018\/?post_type=product&#038;p=413"},"modified":"2025-03-03T17:10:42","modified_gmt":"2025-03-03T20:10:42","slug":"projetor-dp4k-19b","status":"publish","type":"product","link":"https:\/\/centauro-cinema.com.br\/2018\/produto\/projetor-dp4k-19b\/","title":{"rendered":"Projetor Barco | DP4K-19B"},"content":{"rendered":"<p style=\"background: white;margin: 16.5pt 0cm 8.25pt 0cm\"><span style=\"font-family: 'Arial',sans-serif;color: black;background: white\">O DP4K-19B da Barco \u00e9 um projetor de cinema de 4K brilhante para telas maiores. Apresentando o chip DLP Cinema\u00ae de 1,38 pol da TTI, o DP4K-19B oferece imagens 4K incr\u00edveis com brilho excepcional e cores vibrantes para garantir uma experi\u00eancia de filme n\u00edtida. Unindo funcionalidades de projetor e servidor de m\u00eddia em um \u00fanico m\u00f3dulo de projetor, o projetor DP4K-19B Barco \u00e9 um projetor maduro em\u00a0<\/span><span style=\"font-family: 'Arial',sans-serif\">conformidade com DCI\u00a0e uma solu\u00e7\u00e3o de servidor de m\u00eddia<\/span><span style=\"text-align: start;float: none\">\u00a0com\u00a0<\/span><span style=\"font-family: 'Arial',sans-serif\">armazenamento integrado<\/span><span style=\"text-align: start;float: none\">. Reduzindo o hardware requerido, aumenta a<\/span><span style=\"text-align: start;float: none\">\u00a0<\/span><span style=\"font-family: 'Arial',sans-serif\">simplicidade e a confiabilidad<\/span><span style=\"font-family: 'Arial',sans-serif\">e<\/span><span style=\"text-align: start;float: none\">. O projetor inteligente detecta inclusive erros operacionais em potencial e avisa os usu\u00e1rios no caso de infort\u00fanios. \u00d3timo em\u00a0<\/span><span style=\"font-family: 'Arial',sans-serif\">ambientes TMS<\/span><span style=\"text-align: start;float: none\">, ele opera de\u00a0<\/span><span style=\"font-family: 'Arial',sans-serif\">modo independente em aplica\u00e7\u00f5es de tela \u00fanica<\/span><span style=\"text-align: start;float: none\">. Gra\u00e7as \u00e0 interface do usu\u00e1rio\u00a0<\/span><span style=\"font-family: 'Arial',sans-serif\">Barco Web Commander<\/span><span style=\"text-align: start;float: none\">\u00a0integrada, as apresenta\u00e7\u00f5es podem ser criadas e programadas remotamente.<\/span><\/p>\n<h2><strong>Recursos<\/strong><\/h2>\n<ul>\n<li>Resolu\u00e7\u00e3o 4K aprimorada a altas taxas de quadros e brilho definitivo<\/li>\n<li>Os projetores de cinema digital 4K da Barco s\u00e3o os primeiros a mostrar filmes 4K a 60 fps e conte\u00fado 3D 4K em um \u00fanico projetor<\/li>\n<li>As mais altas taxas de bit garantem conte\u00fado cristalino sempre, tamb\u00e9m a altas taxas de quadros<\/li>\n<li>Menor custo de propriedade gra\u00e7as \u00e0 tecnologia Barco integrada, filtros reutiliz\u00e1veis, baixa manuten\u00e7\u00e3o, etc.<\/li>\n<li>M\u00e1xima facilidade de uso por meio do sistema de gerenciamento de tela \u201cBarco Web Commander\u201d intuitivo, operado por meio de um navegador da web<\/li>\n<li>Barco Communicator para configura\u00e7\u00e3o e atualiza\u00e7\u00f5es simples de todos os m\u00f3dulos no projetor<\/li>\n<li>Qualidade e brilho de imagem gra\u00e7as ao mecanismo vedado propriet\u00e1rio da Barco e ao resfriamento DMD avan\u00e7ado<\/li>\n<li>Mecanismo de 4K mais resfriado para uma vida \u00fatil aprimorada gra\u00e7as ao resfriamento de DMD avan\u00e7ado patenteado da Barco<\/li>\n<li>F\u00e1cil instala\u00e7\u00e3o e manuten\u00e7\u00e3o gra\u00e7as ao design modular comprovado e \u00e0 plataforma comum com a s\u00e9rie DP2K<\/li>\n<\/ul>\n<h2><strong>Especifica\u00e7\u00f5es<\/strong><\/h2>\n<div id=\"prod-specs-content\">\n<div id=\"specs-async-content\">\n<table class=\"table table-striped table-hover product-specs-table\">\n<tbody>\n<tr>\n<th>Dispositivo de Micro-espelhos Digital<\/p>\n<p>(Digital MicroMirror Device\u2122)<\/th>\n<td>Dispositivos de metal escuro DC4K de 3 x 1,38 pol<\/td>\n<\/tr>\n<tr>\n<th>Resolu\u00e7\u00e3o original<\/th>\n<td>4.096 x 2.160 pixels<\/td>\n<\/tr>\n<tr>\n<th>Alojamento<\/th>\n<td>DMDs e conjunto \u00f3ptico hermeticamente selados<\/td>\n<\/tr>\n<tr>\n<th>L\u00e2mpada<\/th>\n<td>1,2 kW &#8211; 3 kW (l\u00e2mpada de x\u00e9non)<\/td>\n<\/tr>\n<tr>\n<th>Sa\u00edda de luz<\/th>\n<td>19.000 l\u00famens (l\u00e2mpada de 3 kW)<\/td>\n<\/tr>\n<tr>\n<th>Tamanho da tela<\/th>\n<td>At\u00e9 19 m \/ 62 p\u00e9s de largura<\/td>\n<\/tr>\n<tr>\n<th>Raz\u00e3o de contraste<\/th>\n<td>1.850:1<\/td>\n<\/tr>\n<tr>\n<th>E\/S de controle<\/th>\n<td>3x Ethernet (RJ 45)<br \/>\nInterface 3D<br \/>\nInferface USB RS-232<\/td>\n<\/tr>\n<tr>\n<th>Processador de m\u00eddia de cinema integrado<\/th>\n<td>DCI 4K 2D at\u00e9 60 fps*<br \/>\nDCI 4K 3D (24 ou 30 fps por olho)*<br \/>\n3D 2K com altas taxas de quadros DCI at\u00e9 120 fps (60 fps por olho)<br \/>\nTaxas de bits de JPEG 2000 de at\u00e9 625 Mbps<br \/>\nCorre\u00e7\u00e3o de cores de dois canais<br \/>\nMPEG-2 (4:2:0 e 4:2:2 at\u00e9 60 fps)<br \/>\n2x HDMI2.0a (at\u00e9 4K 2D 60 fps)<br \/>\n2x Entradas 3G-SDI<br \/>\n16x Canais de \u00e1udio AES\/EBU (2x RJ45)<br \/>\n8x GPI, 8x GPO (4x RJ45)<br \/>\n2x Gbe para conectividade e inser\u00e7\u00e3o de conte\u00fado<br \/>\n2x USB 3.0 acess\u00edveis pela frente para inser\u00e7\u00e3o r\u00e1pida<br \/>\n2x USB 2.0 acess\u00edveis pela frente<br \/>\nMarca d\u2019\u00e1gua em v\u00eddeo: Civolution NexGuard<br \/>\nMarca d\u2019\u00e1gua em \u00e1udio: Civolution<br \/>\nDispositivos com closed caption: Suporte para SMPTE 430-10<br \/>\n* 4K 24 fps \u00e9 o padr\u00e3o. Para os m\u00f3dulos de atualiza\u00e7\u00e3o 4K 60 fps\/4K 3D no ICMP, \u00e9 exigida a licen\u00e7a. Os novos projetores 4K Barco Alchemy possuem uma licen\u00e7a padr\u00e3o inclu\u00edda.<br \/>\n** Em projetores da s\u00e9rie B e C, as entradas do DisplayPort substituem as entradas DVI do Cinema Controller.<\/td>\n<\/tr>\n<tr>\n<th>Armazenamento integrado<\/th>\n<td>3 discos r\u00edgidos com 1 TB, 2,5 pol e troca r\u00e1pida \/ Armazenamento efetivo de 1,9 TB (RAID-5)<br \/>\n3 discos r\u00edgidos com 2 TB, 2,5 pol e troca r\u00e1pida \/ Armazenamento efetivo de 3,9 TB (RAID-5)<\/td>\n<\/tr>\n<tr>\n<th>Barco Web Commander<\/th>\n<td>Painel do projetor<br \/>\nPlaca de controle do projetor<br \/>\nReprodutor\/editor\/programador de apresenta\u00e7\u00f5es<br \/>\nAutoma\u00e7\u00e3o, 3D, inser\u00e7\u00e3o<br \/>\nListas de reprodu\u00e7\u00e3o DCP din\u00e2micas e intervalo<br \/>\nIntegra\u00e7\u00e3o de TMS<br \/>\nStatus do projetor inteligente<br \/>\nVia navegadores de internet HTML5 incluindo tablets iOS e Android<br \/>\nProjetor duplo 3D: passivo e ativo<br \/>\nDecodifica\u00e7\u00e3o Auro 11.1<\/td>\n<\/tr>\n<tr>\n<th>Requisitos de energia<\/th>\n<td>200-240V 30A 50-60Hz<br \/>\n19.000 BTU\/h (com l\u00e2mpada de 4 kW)<\/td>\n<\/tr>\n<tr>\n<th>Dimens\u00f5es<\/th>\n<td>604(A) x 754(L) x 1.129(P) mm \/ 23,78(A) x 29,69(L) x 44,45(P) polegada<br \/>\nNB.: 5 cm de espa\u00e7o m\u00edn. para entrada de ar exigido na base do projetor<\/td>\n<\/tr>\n<tr>\n<th>Peso<\/th>\n<td>134 kg (295 lbs)<\/td>\n<\/tr>\n<tr>\n<th>Temperatura Ambiente<\/th>\n<td>M\u00e1x. 35\u00b0C \/ 95\u00b0F<\/td>\n<\/tr>\n<tr>\n<th>Fluxo de ar de exaust\u00e3o<\/th>\n<td>350 a 390 cfm (10 a 11 m\u00b3\/min)<\/td>\n<\/tr>\n<tr>\n<th>Recursos Padr\u00e3o<\/th>\n<td>CLO (Sa\u00edda de luz constante)<br \/>\nPoderoso agente SNMP<br \/>\nLente motorizada\/memorizada (foco, zoom e deslocamento)<br \/>\nRefrigera\u00e7\u00e3o DMD patenteada avan\u00e7ada<\/td>\n<\/tr>\n<tr>\n<th>Op\u00e7\u00f5es<\/th>\n<td>Aplicativo CineMate da Barco (iOS e Android) &#8211; gr\u00e1tis<br \/>\nComplementos 3D<br \/>\nMonitor com tela sens\u00edvel ao toque, inc. Barco Commander &amp; Communicator<br \/>\nPedestal<br \/>\nCineCare Web<br \/>\nLicen\u00e7a Auro 11.1<br \/>\nLicen\u00e7a Barco Escape<br \/>\nLicen\u00e7a para proje\u00e7\u00e3o dupla<br \/>\n4 K 60p\/ 4 K 3D licen\u00e7a (inclu\u00eddo)<br \/>\n3D ao vivo***<br \/>\nGhostbusting***<br \/>\n*** Rota de software<\/td>\n<\/tr>\n<\/tbody>\n<\/table>\n<\/div>\n<\/div>\n","protected":false},"excerpt":{"rendered":"<h2><strong>Projetor DLP Barco Cinema 4K 19.000 lumens<\/strong><\/h2>\n<ul>\n<li>Resolu\u00e7\u00e3o 4K<\/li>\n<li>Projetor integrado, em conformidade com DCI<\/li>\n<li>Combina funcionalidades de servidor de m\u00eddia com eletr\u00f4nica de processamento de cinema da s\u00e9rie 3<\/li>\n<\/ul>\n","protected":false},"featured_media":960,"comment_status":"open","ping_status":"closed","template":"","meta":[],"product_brand":[],"product_cat":[43],"product_tag":[120,123,121,119],"class_list":{"0":"post-413","1":"product","2":"type-product","3":"status-publish","4":"has-post-thumbnail","6":"product_cat-lampada-xenon","7":"product_tag-projetor-4k","8":"product_tag-projetor-barco","9":"product_tag-projetor-cinema","10":"product_tag-projetor-dci","12":"first","13":"outofstock","14":"shipping-taxable","15":"product-type-simple"},"_links":{"self":[{"href":"https:\/\/centauro-cinema.com.br\/2018\/wp-json\/wp\/v2\/product\/413","targetHints":{"allow":["GET"]}}],"collection":[{"href":"https:\/\/centauro-cinema.com.br\/2018\/wp-json\/wp\/v2\/product"}],"about":[{"href":"https:\/\/centauro-cinema.com.br\/2018\/wp-json\/wp\/v2\/types\/product"}],"replies":[{"embeddable":true,"href":"https:\/\/centauro-cinema.com.br\/2018\/wp-json\/wp\/v2\/comments?post=413"}],"wp:featuredmedia":[{"embeddable":true,"href":"https:\/\/centauro-cinema.com.br\/2018\/wp-json\/wp\/v2\/media\/960"}],"wp:attachment":[{"href":"https:\/\/centauro-cinema.com.br\/2018\/wp-json\/wp\/v2\/media?parent=413"}],"wp:term":[{"taxonomy":"product_brand","embeddable":true,"href":"https:\/\/centauro-cinema.com.br\/2018\/wp-json\/wp\/v2\/product_brand?post=413"},{"taxonomy":"product_cat","embeddable":true,"href":"https:\/\/centauro-cinema.com.br\/2018\/wp-json\/wp\/v2\/product_cat?post=413"},{"taxonomy":"product_tag","embeddable":true,"href":"https:\/\/centauro-cinema.com.br\/2018\/wp-json\/wp\/v2\/product_tag?post=413"}],"curies":[{"name":"wp","href":"https:\/\/api.w.org\/{rel}","templated":true}]}}