{"id":424,"date":"2019-01-14T10:10:37","date_gmt":"2019-01-14T12:10:37","guid":{"rendered":"http:\/\/centauro-cinema.com.br\/2018\/?post_type=product&#038;p=424"},"modified":"2025-03-03T17:07:24","modified_gmt":"2025-03-03T20:07:24","slug":"projetor-dp2k-17blp","status":"publish","type":"product","link":"https:\/\/centauro-cinema.com.br\/2018\/produto\/projetor-dp2k-17blp\/","title":{"rendered":"Projetor Barco | DP2K-17BLP"},"content":{"rendered":"<p>O DP2K-17BLP oferece<span style=\"font-size: 14.4px\">\u00a0<\/span><span style=\"font-size: 14.4px\">imagens consistentes, n\u00edtidas e de alto contraste e brilho de 17.000 lumens.<\/span><span style=\"font-size: 14.4px\">\u00a0<\/span><span style=\"font-size: 14.4px\">Ele \u00e9 perfeito para telas de cinema de tamanho m\u00e9dio, de 13 a 18 metros (43 a 59 p\u00e9s).<\/span><\/p>\n<h3><strong>Especifica\u00e7\u00f5es<\/strong><\/h3>\n<div id=\"prod-specs-content\">\n<div id=\"specs-async-content\">\n<table class=\"table table-striped table-hover product-specs-table\">\n<tbody>\n<tr>\n<th>Brilho<\/th>\n<td>17.000 lumens (t\u00edpico)<\/td>\n<\/tr>\n<tr>\n<th>Raz\u00e3o de contraste nativa<\/th>\n<td>2.400:1 (t\u00edpico)<\/td>\n<\/tr>\n<tr>\n<th>Lentes de alto n\u00edvel<\/th>\n<td>1.25-1.90; 1.49-2.06; 1.61-2.31; 1.82-2.86; 2.15-3.6; 2.80-5.50<\/td>\n<\/tr>\n<tr>\n<th>Resolu\u00e7\u00e3o<\/th>\n<td>2.048 x 1.080<\/td>\n<\/tr>\n<tr>\n<th>Estabilidade de brilho em longo prazo<\/th>\n<td>30.000 horas em condi\u00e7\u00f5es de uso normais<\/td>\n<\/tr>\n<tr>\n<th>Dimens\u00f5es (LxPxA)<\/th>\n<td>Projetor: 754 x 1.129 x 604 mm\/29,69 x 44,5 x 23,78 polegadas<br \/>\nCooler: 561,5 x 738,5 x 348 mm\/22,11 x 29,07 x 13,7 polegadas<\/td>\n<\/tr>\n<tr>\n<th>Peso<\/th>\n<td>Projetor: 144 kg (318 lb)<br \/>\nCooler: 32 kg (70,6 lb)<\/td>\n<\/tr>\n<tr>\n<th>Comprimento da mangueira do l\u00edquido de arrefecimento<\/th>\n<td>4 mangueiras; 0,5 m, 2,5 m, 5 m e 8 m (1,6 p\u00e9s\/8,2 p\u00e9s\/16,4 p\u00e9s\/26,2 p\u00e9s)<\/td>\n<\/tr>\n<tr>\n<th>Separa\u00e7\u00e3o vertical entre o cooler e o projetor<\/th>\n<td>M\u00e1ximo de 3 m (10 p\u00e9s) (mais alto ou mais baixo)<\/td>\n<\/tr>\n<tr>\n<th>Requisitos de energia<\/th>\n<td>Projetor: fase \u00fanica 200 a 240 V 15 A<br \/>\nCooler: obt\u00e9m energia do projetor<\/td>\n<\/tr>\n<tr>\n<th>Carga de aquecimento (pot\u00eancia m\u00e1x.)<\/th>\n<td>7.526 BTU\/h<\/td>\n<\/tr>\n<tr>\n<th>Temperatura Ambiente<\/th>\n<td>35 \u00b0C (95 \u00b0F) M\u00e1x. (projetor e cooler)<\/td>\n<\/tr>\n<tr>\n<th>Umidade ambiente<\/th>\n<td>85% M\u00e1x. (projetor e cooler)<\/td>\n<\/tr>\n<tr>\n<th>Consumo de energia<\/th>\n<td>Projetor (incluindo cooler): 2,4 kW<\/td>\n<\/tr>\n<tr>\n<th>Servidor de m\u00eddia<\/th>\n<td>Barco Alchemy ICMP e outras marcas IMB suportadas.<\/td>\n<\/tr>\n<tr>\n<th>N\u00edvel de Ru\u00eddo<\/th>\n<td>dB(A) a 1 m:<br \/>\n67,6 dB(A)<br \/>\n62 dB(A) (meia velocidade do ventilador)<\/td>\n<\/tr>\n<tr>\n<th>Sistemas 3D<\/th>\n<td>Sistemas de \u00f3culos ativos e sistemas de polariza\u00e7\u00e3o em telas prateadas s\u00e3o suportados. Sistemas de separa\u00e7\u00e3o de cores (Dolby3D e 6P) n\u00e3o s\u00e3o suportados.<\/td>\n<\/tr>\n<tr>\n<th>Requisitos de seguran\u00e7a<\/th>\n<td>Grupo de risco 3 classe 1<br \/>\nSeguran\u00e7a de apresenta\u00e7\u00f5es: O cliente deve tomar cuidado em rela\u00e7\u00e3o aos cuidados com laser (respeitar a dist\u00e2ncia de seguran\u00e7a e altura de separa\u00e7\u00e3o), conforme as normas locais de seguran\u00e7a de apresenta\u00e7\u00f5es com laser.<br \/>\nSeguran\u00e7a no local de trabalho: o cliente deve tomar cuidado com:<\/p>\n<ul>\n<li>seguran\u00e7a no local de trabalho conforme prescrito pelas autoridades locais<\/li>\n<li>treinamento b\u00e1sico de seguran\u00e7a do laser para operadores<\/li>\n<li>implementa\u00e7\u00e3o de programa de seguran\u00e7a do laser na empresa;<\/li>\n<li>limita\u00e7\u00e3o de acesso somente ao pessoal treinado: identifica\u00e7\u00e3o de \u00e1reas, etc.<\/li>\n<\/ul>\n<\/td>\n<\/tr>\n<\/tbody>\n<\/table>\n<\/div>\n<\/div>\n<p><span style=\"font-size: 14.4px\">\u00a0<\/span><\/p>\n<p>&nbsp;<\/p>\n","protected":false},"excerpt":{"rendered":"<h3 data-coveo=\"important\"><strong>Projetor de cinema de f\u00f3sforo laser para telas entre 13 a 18 m (43 a 59 p\u00e9s)<\/strong><\/h3>\n<ul>\n<li>Custo total de propriedade reduzido<\/li>\n<li>Tranquilidade sem precedentes<\/li>\n<li>Qualidade de imagem superior<\/li>\n<\/ul>\n","protected":false},"featured_media":950,"comment_status":"closed","ping_status":"closed","template":"","meta":[],"product_brand":[],"product_cat":[44],"product_tag":[122,123,121,119,124],"class_list":{"0":"post-424","1":"product","2":"type-product","3":"status-publish","4":"has-post-thumbnail","6":"product_cat-laser-fosforo","7":"product_tag-projetor-2k","8":"product_tag-projetor-barco","9":"product_tag-projetor-cinema","10":"product_tag-projetor-dci","11":"product_tag-projetor-laser-fosforo","13":"first","14":"outofstock","15":"shipping-taxable","16":"product-type-simple"},"_links":{"self":[{"href":"https:\/\/centauro-cinema.com.br\/2018\/wp-json\/wp\/v2\/product\/424","targetHints":{"allow":["GET"]}}],"collection":[{"href":"https:\/\/centauro-cinema.com.br\/2018\/wp-json\/wp\/v2\/product"}],"about":[{"href":"https:\/\/centauro-cinema.com.br\/2018\/wp-json\/wp\/v2\/types\/product"}],"replies":[{"embeddable":true,"href":"https:\/\/centauro-cinema.com.br\/2018\/wp-json\/wp\/v2\/comments?post=424"}],"wp:featuredmedia":[{"embeddable":true,"href":"https:\/\/centauro-cinema.com.br\/2018\/wp-json\/wp\/v2\/media\/950"}],"wp:attachment":[{"href":"https:\/\/centauro-cinema.com.br\/2018\/wp-json\/wp\/v2\/media?parent=424"}],"wp:term":[{"taxonomy":"product_brand","embeddable":true,"href":"https:\/\/centauro-cinema.com.br\/2018\/wp-json\/wp\/v2\/product_brand?post=424"},{"taxonomy":"product_cat","embeddable":true,"href":"https:\/\/centauro-cinema.com.br\/2018\/wp-json\/wp\/v2\/product_cat?post=424"},{"taxonomy":"product_tag","embeddable":true,"href":"https:\/\/centauro-cinema.com.br\/2018\/wp-json\/wp\/v2\/product_tag?post=424"}],"curies":[{"name":"wp","href":"https:\/\/api.w.org\/{rel}","templated":true}]}}