{"id":462,"date":"2019-01-14T12:02:23","date_gmt":"2019-01-14T14:02:23","guid":{"rendered":"http:\/\/centauro-cinema.com.br\/2018\/?post_type=product&#038;p=462"},"modified":"2025-07-22T16:16:52","modified_gmt":"2025-07-22T19:16:52","slug":"vigias-projecao","status":"publish","type":"product","link":"https:\/\/centauro-cinema.com.br\/2018\/produto\/vigias-projecao\/","title":{"rendered":"Vigias Proje\u00e7\u00e3o"},"content":{"rendered":"<p>Produto desenvolvido pela Centauro Cinema para atender aos crescentes requisitos t\u00e9cnicos necess\u00e1rios para uma perfeita instala\u00e7\u00e3o de sistemas de proje\u00e7\u00e3o e sonoriza\u00e7\u00e3o.<\/p>\n<p>Nossas vigias al\u00e9m de garantirem uma perfeita isola\u00e7\u00e3o ac\u00fastica entre a cabine de proje\u00e7\u00e3o e o audit\u00f3rio s\u00e3o dotadas de vidros \u00f3ticos que n\u00e3o distorcem as imagens e cores, otimizando assim a transmiss\u00e3o de luz para a tela de proje\u00e7\u00e3o.<\/p>\n<h3><strong>CARACTER\u00cdSTICAS<\/strong><\/h3>\n<ul>\n<li><span style=\"color: #00aae7\">F\u00e1cil instala\u00e7\u00e3o<\/span><\/li>\n<li><span style=\"color: #00aae7\">Adapt\u00e1vel em diversas espessuras de parede<\/span><\/li>\n<li><span style=\"color: #00aae7\">F\u00e1cil limpeza e manuten\u00e7\u00e3o<\/span><\/li>\n<li><span style=\"color: #00aae7\">Perfeita isola\u00e7\u00e3o ac\u00fastica<\/span><\/li>\n<li><span style=\"color: #00aae7\">Dotada de vidro \u00f3tico<\/span><\/li>\n<li><span style=\"color: #00aae7\">Projetada para facilitar a equaliza\u00e7\u00e3o das salas<\/span><\/li>\n<li><span style=\"color: #00aae7\">Acabamento em pintura ep\u00f3xi na cor preta<\/span><\/li>\n<\/ul>\n<p><span style=\"font-size: 14.4px\">Para mais informa\u00e7\u00f5es sobre os modelos e dimens\u00f5es dispon\u00edveis entre em contato com nossa equipe comercial<\/span><\/p>\n<p>&nbsp;<\/p>\n","protected":false},"excerpt":{"rendered":"<ul>\n<li><span style=\"color: #282828\">F\u00e1cil instala\u00e7\u00e3o<\/span><\/li>\n<li><span style=\"color: #282828\">Adapt\u00e1vel em diversas espessuras de parede<\/span><\/li>\n<li><span style=\"color: #282828\">F\u00e1cil limpeza e manuten\u00e7\u00e3o<\/span><\/li>\n<li><span style=\"color: #282828\">Perfeita isola\u00e7\u00e3o ac\u00fastica<\/span><\/li>\n<li><span style=\"color: #282828\">Dotada de <strong>vidro \u00f3tico<\/strong><\/span><\/li>\n<li><span style=\"color: #282828\">Projetada para facilitar a equaliza\u00e7\u00e3o das salas<\/span><\/li>\n<li><span style=\"color: #282828\">Acabamento em pintura ep\u00f3xi na cor preta<\/span><\/li>\n<\/ul>\n","protected":false},"featured_media":912,"comment_status":"open","ping_status":"closed","template":"","meta":[],"product_brand":[],"product_cat":[30],"product_tag":[148],"class_list":{"0":"post-462","1":"product","2":"type-product","3":"status-publish","4":"has-post-thumbnail","6":"product_cat-vigias-de-projecao","7":"product_tag-vigia-cinema","9":"first","10":"instock","11":"shipping-taxable","12":"product-type-simple"},"_links":{"self":[{"href":"https:\/\/centauro-cinema.com.br\/2018\/wp-json\/wp\/v2\/product\/462","targetHints":{"allow":["GET"]}}],"collection":[{"href":"https:\/\/centauro-cinema.com.br\/2018\/wp-json\/wp\/v2\/product"}],"about":[{"href":"https:\/\/centauro-cinema.com.br\/2018\/wp-json\/wp\/v2\/types\/product"}],"replies":[{"embeddable":true,"href":"https:\/\/centauro-cinema.com.br\/2018\/wp-json\/wp\/v2\/comments?post=462"}],"wp:featuredmedia":[{"embeddable":true,"href":"https:\/\/centauro-cinema.com.br\/2018\/wp-json\/wp\/v2\/media\/912"}],"wp:attachment":[{"href":"https:\/\/centauro-cinema.com.br\/2018\/wp-json\/wp\/v2\/media?parent=462"}],"wp:term":[{"taxonomy":"product_brand","embeddable":true,"href":"https:\/\/centauro-cinema.com.br\/2018\/wp-json\/wp\/v2\/product_brand?post=462"},{"taxonomy":"product_cat","embeddable":true,"href":"https:\/\/centauro-cinema.com.br\/2018\/wp-json\/wp\/v2\/product_cat?post=462"},{"taxonomy":"product_tag","embeddable":true,"href":"https:\/\/centauro-cinema.com.br\/2018\/wp-json\/wp\/v2\/product_tag?post=462"}],"curies":[{"name":"wp","href":"https:\/\/api.w.org\/{rel}","templated":true}]}}