{"id":503,"date":"2019-01-14T14:13:45","date_gmt":"2019-01-14T16:13:45","guid":{"rendered":"http:\/\/centauro-cinema.com.br\/2018\/?post_type=product&#038;p=503"},"modified":"2025-03-02T19:31:19","modified_gmt":"2025-03-02T22:31:19","slug":"fr-118sm","status":"publish","type":"product","link":"https:\/\/centauro-cinema.com.br\/2018\/produto\/fr-118sm\/","title":{"rendered":"CENTAURO FR118 SM"},"content":{"rendered":"<p>Caixa ac\u00fastica frontal de duas vias de baixo custo e alta performance indicada para sonoriza\u00e7\u00e3o de salas de tamanho pequeno a m\u00e9dio e dispon\u00edvel para bi amplifica\u00e7\u00e3o utilizando crossover eletr\u00f4nico ou amplifica\u00e7\u00e3o convencional com crossover passivo.<\/p>\n<p><img decoding=\"async\" class=\"alignnone wp-image-1306 size-thumbnail\" src=\"https:\/\/centauro-cinema.com.br\/2018\/wp-content\/uploads\/2019\/01\/Caixas-Aprovadas-Dolby-Atmos-v2-150x150.jpg\" alt=\"Dolby Atmos\" width=\"150\" height=\"150\" srcset=\"https:\/\/centauro-cinema.com.br\/2018\/wp-content\/uploads\/2019\/01\/Caixas-Aprovadas-Dolby-Atmos-v2-150x150.jpg 150w, https:\/\/centauro-cinema.com.br\/2018\/wp-content\/uploads\/2019\/01\/Caixas-Aprovadas-Dolby-Atmos-v2-300x300.jpg 300w, https:\/\/centauro-cinema.com.br\/2018\/wp-content\/uploads\/2019\/01\/Caixas-Aprovadas-Dolby-Atmos-v2-100x100.jpg 100w, https:\/\/centauro-cinema.com.br\/2018\/wp-content\/uploads\/2019\/01\/Caixas-Aprovadas-Dolby-Atmos-v2.jpg 650w\" sizes=\"(max-width: 150px) 100vw, 150px\" \/><\/p>\n","protected":false},"excerpt":{"rendered":"<p>LINHA ECON\u00d4MICA<\/p>\n","protected":false},"featured_media":919,"comment_status":"closed","ping_status":"closed","template":"","meta":[],"product_brand":[],"product_cat":[56],"product_tag":[159,92,150],"class_list":{"0":"post-503","1":"product","2":"type-product","3":"status-publish","4":"has-post-thumbnail","6":"product_cat-caixas-frontais","7":"product_tag-caixa-frontal","8":"product_tag-caixas-cinema","9":"product_tag-fr118-sm","11":"first","12":"instock","13":"shipping-taxable","14":"product-type-simple"},"_links":{"self":[{"href":"https:\/\/centauro-cinema.com.br\/2018\/wp-json\/wp\/v2\/product\/503","targetHints":{"allow":["GET"]}}],"collection":[{"href":"https:\/\/centauro-cinema.com.br\/2018\/wp-json\/wp\/v2\/product"}],"about":[{"href":"https:\/\/centauro-cinema.com.br\/2018\/wp-json\/wp\/v2\/types\/product"}],"replies":[{"embeddable":true,"href":"https:\/\/centauro-cinema.com.br\/2018\/wp-json\/wp\/v2\/comments?post=503"}],"wp:featuredmedia":[{"embeddable":true,"href":"https:\/\/centauro-cinema.com.br\/2018\/wp-json\/wp\/v2\/media\/919"}],"wp:attachment":[{"href":"https:\/\/centauro-cinema.com.br\/2018\/wp-json\/wp\/v2\/media?parent=503"}],"wp:term":[{"taxonomy":"product_brand","embeddable":true,"href":"https:\/\/centauro-cinema.com.br\/2018\/wp-json\/wp\/v2\/product_brand?post=503"},{"taxonomy":"product_cat","embeddable":true,"href":"https:\/\/centauro-cinema.com.br\/2018\/wp-json\/wp\/v2\/product_cat?post=503"},{"taxonomy":"product_tag","embeddable":true,"href":"https:\/\/centauro-cinema.com.br\/2018\/wp-json\/wp\/v2\/product_tag?post=503"}],"curies":[{"name":"wp","href":"https:\/\/api.w.org\/{rel}","templated":true}]}}