{"id":512,"date":"2019-01-14T15:02:56","date_gmt":"2019-01-14T17:02:56","guid":{"rendered":"http:\/\/centauro-cinema.com.br\/2018\/?post_type=product&#038;p=512"},"modified":"2025-03-03T16:00:26","modified_gmt":"2025-03-03T19:00:26","slug":"balizador-de-poltrona-led","status":"publish","type":"product","link":"https:\/\/centauro-cinema.com.br\/2018\/produto\/balizador-de-poltrona-led\/","title":{"rendered":"Balizador de poltrona LED"},"content":{"rendered":"<h3><span style=\"color: #00aae7\"><strong>Caracter\u00edsticas<\/strong><\/span><\/h3>\n<p>\u2022 Balizador de poltrona em acr\u00edlico, identifica\u00e7\u00e3o frontal iluminada, ilumina\u00e7\u00e3o indireta na parte inferior<br \/>\n\u2022 Caixa em acr\u00edlico, base de fixa\u00e7\u00e3o em alum\u00ednio com pintura epoxi<br \/>\n\u2022 Alimenta\u00e7\u00e3o : 12Vcc<br \/>\n\u2022 Necessita de fonte de alimenta\u00e7\u00e3o 12Vcc<br \/>\n\u2022 Op\u00e7\u00f5es de LED : 2700K, 4500K, 5700K \u2013 opicional VM, VD, AZ, AMBAR<br \/>\n\u2022 Prote\u00e7\u00e3o IP40<br \/>\n\u2022 C\u00f3d. BLZ-PT<\/p>\n","protected":false},"excerpt":{"rendered":"<p>Caracter\u00edsticas \u2022 Balizador de poltrona em acr\u00edlico, identifica\u00e7\u00e3o frontal iluminada, ilumina\u00e7\u00e3o indireta na parte inferior \u2022 Caixa em acr\u00edlico, base de fixa\u00e7\u00e3o em alum\u00ednio com pintura epoxi \u2022 Alimenta\u00e7\u00e3o : 12Vcc \u2022 Necessita de fonte de alimenta\u00e7\u00e3o 12Vcc \u2022 Op\u00e7\u00f5es de LED : 2700K, 4500K, 5700K \u2013 opicional VM, VD, AZ, AMBAR \u2022 Prote\u00e7\u00e3o IP40 [&#8230;]\n","protected":false},"featured_media":914,"comment_status":"closed","ping_status":"closed","template":"","meta":[],"product_brand":[],"product_cat":[33],"product_tag":[],"class_list":{"0":"post-512","1":"product","2":"type-product","3":"status-publish","4":"has-post-thumbnail","6":"product_cat-degrau","8":"first","9":"onbackorder","10":"shipping-taxable","11":"product-type-simple"},"_links":{"self":[{"href":"https:\/\/centauro-cinema.com.br\/2018\/wp-json\/wp\/v2\/product\/512","targetHints":{"allow":["GET"]}}],"collection":[{"href":"https:\/\/centauro-cinema.com.br\/2018\/wp-json\/wp\/v2\/product"}],"about":[{"href":"https:\/\/centauro-cinema.com.br\/2018\/wp-json\/wp\/v2\/types\/product"}],"replies":[{"embeddable":true,"href":"https:\/\/centauro-cinema.com.br\/2018\/wp-json\/wp\/v2\/comments?post=512"}],"wp:featuredmedia":[{"embeddable":true,"href":"https:\/\/centauro-cinema.com.br\/2018\/wp-json\/wp\/v2\/media\/914"}],"wp:attachment":[{"href":"https:\/\/centauro-cinema.com.br\/2018\/wp-json\/wp\/v2\/media?parent=512"}],"wp:term":[{"taxonomy":"product_brand","embeddable":true,"href":"https:\/\/centauro-cinema.com.br\/2018\/wp-json\/wp\/v2\/product_brand?post=512"},{"taxonomy":"product_cat","embeddable":true,"href":"https:\/\/centauro-cinema.com.br\/2018\/wp-json\/wp\/v2\/product_cat?post=512"},{"taxonomy":"product_tag","embeddable":true,"href":"https:\/\/centauro-cinema.com.br\/2018\/wp-json\/wp\/v2\/product_tag?post=512"}],"curies":[{"name":"wp","href":"https:\/\/api.w.org\/{rel}","templated":true}]}}